{"id":351,"date":"2024-02-29T08:22:50","date_gmt":"2024-02-29T08:22:50","guid":{"rendered":"http:\/\/darrenchastney.com\/?page_id=351"},"modified":"2024-03-16T09:33:00","modified_gmt":"2024-03-16T09:33:00","slug":"bezpecnost","status":"publish","type":"page","link":"https:\/\/darrenchastney.com\/sk\/bezpecnost\/","title":{"rendered":"Bezpe\u010dnos\u0165"},"content":{"rendered":"\t\t<div data-elementor-type=\"wp-page\" data-elementor-id=\"351\" class=\"elementor elementor-351\">\n\t\t\t\t<div class=\"elementor-element elementor-element-7094253 e-con-full banner-wrap e-flex e-con e-parent\" data-id=\"7094253\" data-element_type=\"container\" data-settings=\"{&quot;background_background&quot;:&quot;classic&quot;}\">\n\t\t<div class=\"elementor-element elementor-element-58b2ead container service-container e-flex e-con-boxed e-con e-child\" data-id=\"58b2ead\" data-element_type=\"container\" data-settings=\"{&quot;background_background&quot;:&quot;classic&quot;}\">\n\t\t\t\t\t<div class=\"e-con-inner\">\n\t\t<div class=\"elementor-element elementor-element-819af6f e-con-full banner-info e-flex e-con e-child\" data-id=\"819af6f\" data-element_type=\"container\">\n\t\t\t\t<div class=\"elementor-element elementor-element-bd2a351 elementor-widget elementor-widget-heading\" data-id=\"bd2a351\" data-element_type=\"widget\" data-widget_type=\"heading.default\">\n\t\t\t\t<div class=\"elementor-widget-container\">\n\t\t\t\t\t<h2 class=\"elementor-heading-title elementor-size-default\">Bezpe\u010dnos\u0165<\/h2>\t\t\t\t<\/div>\n\t\t\t\t<\/div>\n\t\t\t\t<div class=\"elementor-element elementor-element-bc65593 elementor-widget elementor-widget-text-editor\" data-id=\"bc65593\" data-element_type=\"widget\" data-widget_type=\"text-editor.default\">\n\t\t\t\t<div class=\"elementor-widget-container\">\n\t\t\t\t\t\t\t\t\t<p>Va\u0161e dokumenty a \u00fadaje s\u00fa v dobr\u00fdch ruk\u00e1ch<\/p>\t\t\t\t\t\t\t\t<\/div>\n\t\t\t\t<\/div>\n\t\t\t\t<div class=\"elementor-element elementor-element-6f5fe81 theme-btn elementor-widget elementor-widget-button\" data-id=\"6f5fe81\" data-element_type=\"widget\" data-widget_type=\"button.default\">\n\t\t\t\t<div class=\"elementor-widget-container\">\n\t\t\t\t\t\t\t\t\t<div class=\"elementor-button-wrapper\">\n\t\t\t\t\t<a class=\"elementor-button elementor-button-link elementor-size-sm\" href=\"https:\/\/darrenchastney.com\/sk\/kontakt\/\">\n\t\t\t\t\t\t<span class=\"elementor-button-content-wrapper\">\n\t\t\t\t\t\t\t\t\t<span class=\"elementor-button-text\">Kontakt<\/span>\n\t\t\t\t\t<\/span>\n\t\t\t\t\t<\/a>\n\t\t\t\t<\/div>\n\t\t\t\t\t\t\t\t<\/div>\n\t\t\t\t<\/div>\n\t\t\t\t<\/div>\n\t\t\t\t\t<\/div>\n\t\t\t\t<\/div>\n\t\t\t\t<\/div>\n\t\t<div class=\"elementor-element elementor-element-c6b2525 e-con-full secuirty-wrap e-flex e-con e-parent\" data-id=\"c6b2525\" data-element_type=\"container\">\n\t\t<div class=\"elementor-element elementor-element-32e2d57 container e-flex e-con-boxed e-con e-child\" data-id=\"32e2d57\" data-element_type=\"container\">\n\t\t\t\t\t<div class=\"e-con-inner\">\n\t\t<div class=\"elementor-element elementor-element-18cfa53 e-con-full secuirty-info e-flex e-con e-child\" data-id=\"18cfa53\" data-element_type=\"container\">\n\t\t\t\t<div class=\"elementor-element elementor-element-b5f8673 elementor-widget elementor-widget-heading\" data-id=\"b5f8673\" data-element_type=\"widget\" data-widget_type=\"heading.default\">\n\t\t\t\t<div class=\"elementor-widget-container\">\n\t\t\t\t\t<h1 class=\"elementor-heading-title elementor-size-default\">Bezpe\u010dnos\u0165<\/h1>\t\t\t\t<\/div>\n\t\t\t\t<\/div>\n\t\t\t\t<div class=\"elementor-element elementor-element-a3421a7 elementor-widget elementor-widget-text-editor\" data-id=\"a3421a7\" data-element_type=\"widget\" data-widget_type=\"text-editor.default\">\n\t\t\t\t<div class=\"elementor-widget-container\">\n\t\t\t\t\t\t\t\t\t<p>V\u00e4\u010d\u0161ina spolo\u010dnost\u00ed a jednotlivcov pova\u017euje d\u00f4vernos\u0165 za ve\u013emi d\u00f4le\u017eit\u00fa ot\u00e1zku, tak\u017ee preklad a \u00faprava citliv\u00fdch dokumentov pre poskytovate\u013eov tret\u00edch str\u00e1n m\u00f4\u017ee by\u0165 zlo\u017eit\u00fdm krokom a jednou z najv\u00e4\u010d\u0161\u00edch nezn\u00e1mych v oblasti kybernetickej bezpe\u010dnosti.<\/p>\t\t\t\t\t\t\t\t<\/div>\n\t\t\t\t<\/div>\n\t\t\t\t<div class=\"elementor-element elementor-element-78d5990 elementor-widget elementor-widget-text-editor\" data-id=\"78d5990\" data-element_type=\"widget\" data-widget_type=\"text-editor.default\">\n\t\t\t\t<div class=\"elementor-widget-container\">\n\t\t\t\t\t\t\t\t\t<p>Moje sofistikovan\u00e9 procesy a najmodernej\u0161ie bezpe\u010dnostn\u00e9 technol\u00f3gie od za\u010diatku do konca v\u00e1m daj\u00fa pokoj.<\/p>\t\t\t\t\t\t\t\t<\/div>\n\t\t\t\t<\/div>\n\t\t\t\t<div class=\"elementor-element elementor-element-15a1883 elementor-widget elementor-widget-heading\" data-id=\"15a1883\" data-element_type=\"widget\" data-widget_type=\"heading.default\">\n\t\t\t\t<div class=\"elementor-widget-container\">\n\t\t\t\t\t<h2 class=\"elementor-heading-title elementor-size-default\">Bezpe\u010dnostn\u00e9 \u0161tandardy<\/h2>\t\t\t\t<\/div>\n\t\t\t\t<\/div>\n\t\t\t\t<div class=\"elementor-element elementor-element-e87269a elementor-widget elementor-widget-text-editor\" data-id=\"e87269a\" data-element_type=\"widget\" data-widget_type=\"text-editor.default\">\n\t\t\t\t<div class=\"elementor-widget-container\">\n\t\t\t\t\t\t\t\t\t<p>M\u00f4j sofistikovan\u00fd syst\u00e9m riadenia informa\u010dnej bezpe\u010dnosti (ISMS) a jasn\u00e9 procesy pre riadenie riz\u00edk a incidentov zais\u0165uj\u00fa, \u017ee moje syst\u00e9my a spr\u00e1va d\u00e1t s\u00fa v\u017edy aktu\u00e1lne v ot\u00e1zkach bezpe\u010dnosti.<\/p>\t\t\t\t\t\t\t\t<\/div>\n\t\t\t\t<\/div>\n\t\t\t\t<div class=\"elementor-element elementor-element-73b8d14 elementor-widget elementor-widget-heading\" data-id=\"73b8d14\" data-element_type=\"widget\" data-widget_type=\"heading.default\">\n\t\t\t\t<div class=\"elementor-widget-container\">\n\t\t\t\t\t<h2 class=\"elementor-heading-title elementor-size-default\">Modul\u00e1rne prisp\u00f4sobenie va\u0161im potreb\u00e1m<\/h2>\t\t\t\t<\/div>\n\t\t\t\t<\/div>\n\t\t\t\t<div class=\"elementor-element elementor-element-fa848f8 elementor-widget elementor-widget-text-editor\" data-id=\"fa848f8\" data-element_type=\"widget\" data-widget_type=\"text-editor.default\">\n\t\t\t\t<div class=\"elementor-widget-container\">\n\t\t\t\t\t\t\t\t\t<p>Svoje bezpe\u010dnostn\u00e9 opatrenia prisp\u00f4sobujem va\u0161im potreb\u00e1m \u2013 vylep\u0161en\u00e9 chr\u00e1nen\u00e9 pracovn\u00e9 postupy, mimoriadne bezpe\u010dn\u00e9 rie\u0161enia strojov\u00e9ho prekladu a ochrana \u00fadajov.<\/p>\t\t\t\t\t\t\t\t<\/div>\n\t\t\t\t<\/div>\n\t\t\t\t<div class=\"elementor-element elementor-element-ceeb846 elementor-widget elementor-widget-text-editor\" data-id=\"ceeb846\" data-element_type=\"widget\" data-widget_type=\"text-editor.default\">\n\t\t\t\t<div class=\"elementor-widget-container\">\n\t\t\t\t\t\t\t\t\t<p>Va\u0161e \u00fadaje a dokumenty s\u00fa \u0161tandardne po \u0161iestich mesiacoch bezpe\u010dne odstr\u00e1nen\u00e9 z m\u00f4jho syst\u00e9mu \u2013 a na po\u017eiadanie aj sk\u00f4r.<\/p>\t\t\t\t\t\t\t\t<\/div>\n\t\t\t\t<\/div>\n\t\t\t\t<div class=\"elementor-element elementor-element-eb164b0 elementor-widget elementor-widget-text-editor\" data-id=\"eb164b0\" data-element_type=\"widget\" data-widget_type=\"text-editor.default\">\n\t\t\t\t<div class=\"elementor-widget-container\">\n\t\t\t\t\t\t\t\t\t<p>Va\u0161e \u00fadaje s\u00fa u m\u0148a v bezpe\u010d\u00ed.<\/p>\t\t\t\t\t\t\t\t<\/div>\n\t\t\t\t<\/div>\n\t\t\t\t<\/div>\n\t\t\t\t\t<\/div>\n\t\t\t\t<\/div>\n\t\t\t\t<\/div>\n\t\t\t\t<\/div>\n\t\t","protected":false},"excerpt":{"rendered":"<p>Bezpe\u010dnos\u0165 Va\u0161e dokumenty a \u00fadaje s\u00fa v dobr\u00fdch ruk\u00e1ch Kontakt Bezpe\u010dnos\u0165 V\u00e4\u010d\u0161ina spolo\u010dnost\u00ed a jednotlivcov pova\u017euje d\u00f4vernos\u0165 za ve\u013emi d\u00f4le\u017eit\u00fa ot\u00e1zku, tak\u017ee preklad a \u00faprava citliv\u00fdch dokumentov pre poskytovate\u013eov tret\u00edch str\u00e1n m\u00f4\u017ee by\u0165 zlo\u017eit\u00fdm krokom a jednou z najv\u00e4\u010d\u0161\u00edch nezn\u00e1mych v oblasti kybernetickej bezpe\u010dnosti. Moje sofistikovan\u00e9 procesy a najmodernej\u0161ie bezpe\u010dnostn\u00e9 technol\u00f3gie od za\u010diatku do konca [&hellip;]<\/p>\n","protected":false},"author":1,"featured_media":0,"parent":0,"menu_order":0,"comment_status":"closed","ping_status":"closed","template":"","meta":{"footnotes":""},"class_list":["post-351","page","type-page","status-publish","hentry"],"yoast_head":"<!-- This site is optimized with the Yoast SEO plugin v25.5 - https:\/\/yoast.com\/wordpress\/plugins\/seo\/ -->\n<title>Bezpe\u010dnos\u0165 - Darren Chastney<\/title>\n<meta name=\"robots\" content=\"index, follow, max-snippet:-1, max-image-preview:large, max-video-preview:-1\" \/>\n<link rel=\"canonical\" href=\"https:\/\/darrenchastney.com\/sk\/bezpecnost\/\" \/>\n<meta property=\"og:locale\" content=\"en_US\" \/>\n<meta property=\"og:type\" content=\"article\" \/>\n<meta property=\"og:title\" content=\"Bezpe\u010dnos\u0165 - Darren Chastney\" \/>\n<meta property=\"og:description\" content=\"Bezpe\u010dnos\u0165 Va\u0161e dokumenty a \u00fadaje s\u00fa v dobr\u00fdch ruk\u00e1ch Kontakt Bezpe\u010dnos\u0165 V\u00e4\u010d\u0161ina spolo\u010dnost\u00ed a jednotlivcov pova\u017euje d\u00f4vernos\u0165 za ve\u013emi d\u00f4le\u017eit\u00fa ot\u00e1zku, tak\u017ee preklad a \u00faprava citliv\u00fdch dokumentov pre poskytovate\u013eov tret\u00edch str\u00e1n m\u00f4\u017ee by\u0165 zlo\u017eit\u00fdm krokom a jednou z najv\u00e4\u010d\u0161\u00edch nezn\u00e1mych v oblasti kybernetickej bezpe\u010dnosti. Moje sofistikovan\u00e9 procesy a najmodernej\u0161ie bezpe\u010dnostn\u00e9 technol\u00f3gie od za\u010diatku do konca [&hellip;]\" \/>\n<meta property=\"og:url\" content=\"https:\/\/darrenchastney.com\/sk\/bezpecnost\/\" \/>\n<meta property=\"og:site_name\" content=\"Darren Chastney\" \/>\n<meta property=\"article:modified_time\" content=\"2024-03-16T09:33:00+00:00\" \/>\n<meta name=\"twitter:card\" content=\"summary_large_image\" \/>\n<meta name=\"twitter:label1\" content=\"Est. reading time\" \/>\n\t<meta name=\"twitter:data1\" content=\"1 minute\" \/>\n<script type=\"application\/ld+json\" class=\"yoast-schema-graph\">{\"@context\":\"https:\/\/schema.org\",\"@graph\":[{\"@type\":\"WebPage\",\"@id\":\"https:\/\/darrenchastney.com\/sk\/bezpecnost\/\",\"url\":\"https:\/\/darrenchastney.com\/sk\/bezpecnost\/\",\"name\":\"Bezpe\u010dnos\u0165 - Darren Chastney\",\"isPartOf\":{\"@id\":\"https:\/\/darrenchastney.com\/sk\/#website\"},\"datePublished\":\"2024-02-29T08:22:50+00:00\",\"dateModified\":\"2024-03-16T09:33:00+00:00\",\"breadcrumb\":{\"@id\":\"https:\/\/darrenchastney.com\/sk\/bezpecnost\/#breadcrumb\"},\"inLanguage\":\"en-US\",\"potentialAction\":[{\"@type\":\"ReadAction\",\"target\":[\"https:\/\/darrenchastney.com\/sk\/bezpecnost\/\"]}]},{\"@type\":\"BreadcrumbList\",\"@id\":\"https:\/\/darrenchastney.com\/sk\/bezpecnost\/#breadcrumb\",\"itemListElement\":[{\"@type\":\"ListItem\",\"position\":1,\"name\":\"Home\",\"item\":\"https:\/\/darrenchastney.com\/sk\/\"},{\"@type\":\"ListItem\",\"position\":2,\"name\":\"Bezpe\u010dnos\u0165\"}]},{\"@type\":\"WebSite\",\"@id\":\"https:\/\/darrenchastney.com\/sk\/#website\",\"url\":\"https:\/\/darrenchastney.com\/sk\/\",\"name\":\"Darren Chastney\",\"description\":\"\",\"publisher\":{\"@id\":\"https:\/\/darrenchastney.com\/sk\/#organization\"},\"potentialAction\":[{\"@type\":\"SearchAction\",\"target\":{\"@type\":\"EntryPoint\",\"urlTemplate\":\"https:\/\/darrenchastney.com\/sk\/?s={search_term_string}\"},\"query-input\":{\"@type\":\"PropertyValueSpecification\",\"valueRequired\":true,\"valueName\":\"search_term_string\"}}],\"inLanguage\":\"en-US\"},{\"@type\":\"Organization\",\"@id\":\"https:\/\/darrenchastney.com\/sk\/#organization\",\"name\":\"Darren Chastney\",\"url\":\"https:\/\/darrenchastney.com\/sk\/\",\"logo\":{\"@type\":\"ImageObject\",\"inLanguage\":\"en-US\",\"@id\":\"https:\/\/darrenchastney.com\/sk\/#\/schema\/logo\/image\/\",\"url\":\"https:\/\/darrenchastney.com\/sk\/wp-content\/uploads\/2024\/03\/cropped-header-logo.webp\",\"contentUrl\":\"https:\/\/darrenchastney.com\/sk\/wp-content\/uploads\/2024\/03\/cropped-header-logo.webp\",\"width\":410,\"height\":86,\"caption\":\"Darren Chastney\"},\"image\":{\"@id\":\"https:\/\/darrenchastney.com\/sk\/#\/schema\/logo\/image\/\"}}]}<\/script>\n<!-- \/ Yoast SEO plugin. -->","yoast_head_json":{"title":"Bezpe\u010dnos\u0165 - Darren Chastney","robots":{"index":"index","follow":"follow","max-snippet":"max-snippet:-1","max-image-preview":"max-image-preview:large","max-video-preview":"max-video-preview:-1"},"canonical":"https:\/\/darrenchastney.com\/sk\/bezpecnost\/","og_locale":"en_US","og_type":"article","og_title":"Bezpe\u010dnos\u0165 - Darren Chastney","og_description":"Bezpe\u010dnos\u0165 Va\u0161e dokumenty a \u00fadaje s\u00fa v dobr\u00fdch ruk\u00e1ch Kontakt Bezpe\u010dnos\u0165 V\u00e4\u010d\u0161ina spolo\u010dnost\u00ed a jednotlivcov pova\u017euje d\u00f4vernos\u0165 za ve\u013emi d\u00f4le\u017eit\u00fa ot\u00e1zku, tak\u017ee preklad a \u00faprava citliv\u00fdch dokumentov pre poskytovate\u013eov tret\u00edch str\u00e1n m\u00f4\u017ee by\u0165 zlo\u017eit\u00fdm krokom a jednou z najv\u00e4\u010d\u0161\u00edch nezn\u00e1mych v oblasti kybernetickej bezpe\u010dnosti. Moje sofistikovan\u00e9 procesy a najmodernej\u0161ie bezpe\u010dnostn\u00e9 technol\u00f3gie od za\u010diatku do konca [&hellip;]","og_url":"https:\/\/darrenchastney.com\/sk\/bezpecnost\/","og_site_name":"Darren Chastney","article_modified_time":"2024-03-16T09:33:00+00:00","twitter_card":"summary_large_image","twitter_misc":{"Est. reading time":"1 minute"},"schema":{"@context":"https:\/\/schema.org","@graph":[{"@type":"WebPage","@id":"https:\/\/darrenchastney.com\/sk\/bezpecnost\/","url":"https:\/\/darrenchastney.com\/sk\/bezpecnost\/","name":"Bezpe\u010dnos\u0165 - Darren Chastney","isPartOf":{"@id":"https:\/\/darrenchastney.com\/sk\/#website"},"datePublished":"2024-02-29T08:22:50+00:00","dateModified":"2024-03-16T09:33:00+00:00","breadcrumb":{"@id":"https:\/\/darrenchastney.com\/sk\/bezpecnost\/#breadcrumb"},"inLanguage":"en-US","potentialAction":[{"@type":"ReadAction","target":["https:\/\/darrenchastney.com\/sk\/bezpecnost\/"]}]},{"@type":"BreadcrumbList","@id":"https:\/\/darrenchastney.com\/sk\/bezpecnost\/#breadcrumb","itemListElement":[{"@type":"ListItem","position":1,"name":"Home","item":"https:\/\/darrenchastney.com\/sk\/"},{"@type":"ListItem","position":2,"name":"Bezpe\u010dnos\u0165"}]},{"@type":"WebSite","@id":"https:\/\/darrenchastney.com\/sk\/#website","url":"https:\/\/darrenchastney.com\/sk\/","name":"Darren Chastney","description":"","publisher":{"@id":"https:\/\/darrenchastney.com\/sk\/#organization"},"potentialAction":[{"@type":"SearchAction","target":{"@type":"EntryPoint","urlTemplate":"https:\/\/darrenchastney.com\/sk\/?s={search_term_string}"},"query-input":{"@type":"PropertyValueSpecification","valueRequired":true,"valueName":"search_term_string"}}],"inLanguage":"en-US"},{"@type":"Organization","@id":"https:\/\/darrenchastney.com\/sk\/#organization","name":"Darren Chastney","url":"https:\/\/darrenchastney.com\/sk\/","logo":{"@type":"ImageObject","inLanguage":"en-US","@id":"https:\/\/darrenchastney.com\/sk\/#\/schema\/logo\/image\/","url":"https:\/\/darrenchastney.com\/sk\/wp-content\/uploads\/2024\/03\/cropped-header-logo.webp","contentUrl":"https:\/\/darrenchastney.com\/sk\/wp-content\/uploads\/2024\/03\/cropped-header-logo.webp","width":410,"height":86,"caption":"Darren Chastney"},"image":{"@id":"https:\/\/darrenchastney.com\/sk\/#\/schema\/logo\/image\/"}}]}},"_links":{"self":[{"href":"https:\/\/darrenchastney.com\/sk\/wp-json\/wp\/v2\/pages\/351","targetHints":{"allow":["GET"]}}],"collection":[{"href":"https:\/\/darrenchastney.com\/sk\/wp-json\/wp\/v2\/pages"}],"about":[{"href":"https:\/\/darrenchastney.com\/sk\/wp-json\/wp\/v2\/types\/page"}],"author":[{"embeddable":true,"href":"https:\/\/darrenchastney.com\/sk\/wp-json\/wp\/v2\/users\/1"}],"replies":[{"embeddable":true,"href":"https:\/\/darrenchastney.com\/sk\/wp-json\/wp\/v2\/comments?post=351"}],"version-history":[{"count":8,"href":"https:\/\/darrenchastney.com\/sk\/wp-json\/wp\/v2\/pages\/351\/revisions"}],"predecessor-version":[{"id":1944,"href":"https:\/\/darrenchastney.com\/sk\/wp-json\/wp\/v2\/pages\/351\/revisions\/1944"}],"wp:attachment":[{"href":"https:\/\/darrenchastney.com\/sk\/wp-json\/wp\/v2\/media?parent=351"}],"curies":[{"name":"wp","href":"https:\/\/api.w.org\/{rel}","templated":true}]}}