{"id":344,"date":"2024-02-29T08:21:23","date_gmt":"2024-02-29T08:21:23","guid":{"rendered":"http:\/\/darrenchastney.com\/?page_id=344"},"modified":"2024-03-16T09:32:26","modified_gmt":"2024-03-16T09:32:26","slug":"pravne-upozornenie","status":"publish","type":"page","link":"https:\/\/darrenchastney.com\/sk\/pravne-upozornenie\/","title":{"rendered":"Pr\u00e1vne upozornenie"},"content":{"rendered":"\t\t<div data-elementor-type=\"wp-page\" data-elementor-id=\"344\" class=\"elementor elementor-344\">\n\t\t\t\t<div class=\"elementor-element elementor-element-d2f5571 e-con-full banner-wrap e-flex e-con e-parent\" data-id=\"d2f5571\" data-element_type=\"container\" data-settings=\"{&quot;background_background&quot;:&quot;classic&quot;}\">\n\t\t<div class=\"elementor-element elementor-element-1c838e1 container service-container e-flex e-con-boxed e-con e-child\" data-id=\"1c838e1\" data-element_type=\"container\" data-settings=\"{&quot;background_background&quot;:&quot;classic&quot;}\">\n\t\t\t\t\t<div class=\"e-con-inner\">\n\t\t<div class=\"elementor-element elementor-element-8030eae e-con-full banner-info e-flex e-con e-child\" data-id=\"8030eae\" data-element_type=\"container\">\n\t\t\t\t<div class=\"elementor-element elementor-element-553c1ff elementor-widget elementor-widget-heading\" data-id=\"553c1ff\" data-element_type=\"widget\" data-widget_type=\"heading.default\">\n\t\t\t\t<div class=\"elementor-widget-container\">\n\t\t\t\t\t<h2 class=\"elementor-heading-title elementor-size-default\">Pr\u00e1vne upozornenie<\/h2>\t\t\t\t<\/div>\n\t\t\t\t<\/div>\n\t\t\t\t<div class=\"elementor-element elementor-element-468ffa3 elementor-widget elementor-widget-text-editor\" data-id=\"468ffa3\" data-element_type=\"widget\" data-widget_type=\"text-editor.default\">\n\t\t\t\t<div class=\"elementor-widget-container\">\n\t\t\t\t\t\t\t\t\t<p>Darren Chastney\/Kavali, s.r.o.<\/p>\t\t\t\t\t\t\t\t<\/div>\n\t\t\t\t<\/div>\n\t\t\t\t<div class=\"elementor-element elementor-element-0577557 theme-btn elementor-widget elementor-widget-button\" data-id=\"0577557\" data-element_type=\"widget\" data-widget_type=\"button.default\">\n\t\t\t\t<div class=\"elementor-widget-container\">\n\t\t\t\t\t\t\t\t\t<div class=\"elementor-button-wrapper\">\n\t\t\t\t\t<a class=\"elementor-button elementor-button-link elementor-size-sm\" href=\"https:\/\/darrenchastney.com\/sk\/kontakt\/\">\n\t\t\t\t\t\t<span class=\"elementor-button-content-wrapper\">\n\t\t\t\t\t\t\t\t\t<span class=\"elementor-button-text\">Kontakt<\/span>\n\t\t\t\t\t<\/span>\n\t\t\t\t\t<\/a>\n\t\t\t\t<\/div>\n\t\t\t\t\t\t\t\t<\/div>\n\t\t\t\t<\/div>\n\t\t\t\t<\/div>\n\t\t\t\t\t<\/div>\n\t\t\t\t<\/div>\n\t\t\t\t<\/div>\n\t\t<div class=\"elementor-element elementor-element-7cc6db3 e-con-full secuirty-wrap e-flex e-con e-parent\" data-id=\"7cc6db3\" data-element_type=\"container\">\n\t\t<div class=\"elementor-element elementor-element-008f695 container e-flex e-con-boxed e-con e-child\" data-id=\"008f695\" data-element_type=\"container\">\n\t\t\t\t\t<div class=\"e-con-inner\">\n\t\t<div class=\"elementor-element elementor-element-e609133 e-con-full secuirty-info e-flex e-con e-child\" data-id=\"e609133\" data-element_type=\"container\">\n\t\t\t\t<div class=\"elementor-element elementor-element-2970745 elementor-widget elementor-widget-heading\" data-id=\"2970745\" data-element_type=\"widget\" data-widget_type=\"heading.default\">\n\t\t\t\t<div class=\"elementor-widget-container\">\n\t\t\t\t\t<h2 class=\"elementor-heading-title elementor-size-default\">Excelentn\u00fd anglick\u00fd jazyka<\/h2>\t\t\t\t<\/div>\n\t\t\t\t<\/div>\n\t\t\t\t<div class=\"elementor-element elementor-element-a1777d6 elementor-widget elementor-widget-text-editor\" data-id=\"a1777d6\" data-element_type=\"widget\" data-widget_type=\"text-editor.default\">\n\t\t\t\t<div class=\"elementor-widget-container\">\n\t\t\t\t\t\t\t\t\t<p>Darren Chastney\/Kavali, s.r.o., Budovate\u013esk\u00e1 29\/1062, 821 08 Bratislava 2, Slovensko<\/p>\t\t\t\t\t\t\t\t<\/div>\n\t\t\t\t<\/div>\n\t\t\t\t<div class=\"elementor-element elementor-element-09e1735 elementor-widget elementor-widget-text-editor\" data-id=\"09e1735\" data-element_type=\"widget\" data-widget_type=\"text-editor.default\">\n\t\t\t\t<div class=\"elementor-widget-container\">\n\t\t\t\t\t\t\t\t\t<p>Telef\u00f3n: <a href=\"tel:421903465372\">421 903 465 372<\/a> | Kontakt: <a href=\"mailto:darrenchastney@gmail.com\">darrenchastney@gmail.com<\/a><\/p>\t\t\t\t\t\t\t\t<\/div>\n\t\t\t\t<\/div>\n\t\t\t\t<\/div>\n\t\t<div class=\"elementor-element elementor-element-63c4146 e-con-full legal-notice-row e-flex e-con e-child\" data-id=\"63c4146\" data-element_type=\"container\">\n\t\t<div class=\"elementor-element elementor-element-b9ec697 e-con-full legal-notice-col e-flex e-con e-child\" data-id=\"b9ec697\" data-element_type=\"container\">\n\t\t\t\t<div class=\"elementor-element elementor-element-c5bc242 legal-notice-row-title elementor-widget elementor-widget-heading\" data-id=\"c5bc242\" data-element_type=\"widget\" data-widget_type=\"heading.default\">\n\t\t\t\t<div class=\"elementor-widget-container\">\n\t\t\t\t\t<h3 class=\"elementor-heading-title elementor-size-default\">Darren Chastney<\/h3>\t\t\t\t<\/div>\n\t\t\t\t<\/div>\n\t\t<div class=\"elementor-element elementor-element-ccbe93a legal-notice-info-box e-flex e-con-boxed e-con e-child\" data-id=\"ccbe93a\" data-element_type=\"container\">\n\t\t\t\t\t<div class=\"e-con-inner\">\n\t\t\t\t<div class=\"elementor-element elementor-element-1f31495 elementor-widget elementor-widget-heading\" data-id=\"1f31495\" data-element_type=\"widget\" data-widget_type=\"heading.default\">\n\t\t\t\t<div class=\"elementor-widget-container\">\n\t\t\t\t\t<h4 class=\"elementor-heading-title elementor-size-default\">Platobn\u00e9 \u00fadaje neplatcovia DPH (fyzick\u00e9 osoby)<\/h4>\t\t\t\t<\/div>\n\t\t\t\t<\/div>\n\t\t\t\t<div class=\"elementor-element elementor-element-b7388d0 elementor-widget elementor-widget-text-editor\" data-id=\"b7388d0\" data-element_type=\"widget\" data-widget_type=\"text-editor.default\">\n\t\t\t\t<div class=\"elementor-widget-container\">\n\t\t\t\t\t\t\t\t\t<p>Banka: V\u00daB, as, Bratislava<br \/>IBAN: SK64 0200 0000 0017 6857 1956<br \/>SUBA SUBASKBX<\/p>\t\t\t\t\t\t\t\t<\/div>\n\t\t\t\t<\/div>\n\t\t\t\t\t<\/div>\n\t\t\t\t<\/div>\n\t\t<div class=\"elementor-element elementor-element-e26595d legal-notice-info-box e-flex e-con-boxed e-con e-child\" data-id=\"e26595d\" data-element_type=\"container\">\n\t\t\t\t\t<div class=\"e-con-inner\">\n\t\t\t\t<div class=\"elementor-element elementor-element-95a84b4 elementor-widget elementor-widget-heading\" data-id=\"95a84b4\" data-element_type=\"widget\" data-widget_type=\"heading.default\">\n\t\t\t\t<div class=\"elementor-widget-container\">\n\t\t\t\t\t<h4 class=\"elementor-heading-title elementor-size-default\">Da\u0148<\/h4>\t\t\t\t<\/div>\n\t\t\t\t<\/div>\n\t\t\t\t<div class=\"elementor-element elementor-element-a9131e1 elementor-widget elementor-widget-text-editor\" data-id=\"a9131e1\" data-element_type=\"widget\" data-widget_type=\"text-editor.default\">\n\t\t\t\t<div class=\"elementor-widget-container\">\n\t\t\t\t\t\t\t\t\t<p>Da\u0148ov\u00e9 \u010d\u00edslo: 1070962607<\/p>\t\t\t\t\t\t\t\t<\/div>\n\t\t\t\t<\/div>\n\t\t\t\t\t<\/div>\n\t\t\t\t<\/div>\n\t\t<div class=\"elementor-element elementor-element-8710302 legal-notice-info-box e-flex e-con-boxed e-con e-child\" data-id=\"8710302\" data-element_type=\"container\">\n\t\t\t\t\t<div class=\"e-con-inner\">\n\t\t\t\t<div class=\"elementor-element elementor-element-9abceb0 elementor-widget elementor-widget-heading\" data-id=\"9abceb0\" data-element_type=\"widget\" data-widget_type=\"heading.default\">\n\t\t\t\t<div class=\"elementor-widget-container\">\n\t\t\t\t\t<h4 class=\"elementor-heading-title elementor-size-default\">Obchodn\u00fd register<\/h4>\t\t\t\t<\/div>\n\t\t\t\t<\/div>\n\t\t\t\t<div class=\"elementor-element elementor-element-45e0f6b elementor-widget elementor-widget-text-editor\" data-id=\"45e0f6b\" data-element_type=\"widget\" data-widget_type=\"text-editor.default\">\n\t\t\t\t<div class=\"elementor-widget-container\">\n\t\t\t\t\t\t\t\t\t<p>Obchodn\u00e9 opr\u00e1vnenie: Reg. \u010d\u00edslo 101-25004, Bratislava (I\u010c: 40251250)<\/p>\t\t\t\t\t\t\t\t<\/div>\n\t\t\t\t<\/div>\n\t\t\t\t\t<\/div>\n\t\t\t\t<\/div>\n\t\t\t\t<\/div>\n\t\t<div class=\"elementor-element elementor-element-98450a0 e-con-full legal-notice-col e-flex e-con e-child\" data-id=\"98450a0\" data-element_type=\"container\">\n\t\t\t\t<div class=\"elementor-element elementor-element-8d5824d legal-notice-row-title elementor-widget elementor-widget-heading\" data-id=\"8d5824d\" data-element_type=\"widget\" data-widget_type=\"heading.default\">\n\t\t\t\t<div class=\"elementor-widget-container\">\n\t\t\t\t\t<h3 class=\"elementor-heading-title elementor-size-default\">Kavali, s.r.o.<\/h3>\t\t\t\t<\/div>\n\t\t\t\t<\/div>\n\t\t<div class=\"elementor-element elementor-element-f810746 legal-notice-info-box e-flex e-con-boxed e-con e-child\" data-id=\"f810746\" data-element_type=\"container\">\n\t\t\t\t\t<div class=\"e-con-inner\">\n\t\t\t\t<div class=\"elementor-element elementor-element-0d1b16e elementor-widget elementor-widget-heading\" data-id=\"0d1b16e\" data-element_type=\"widget\" data-widget_type=\"heading.default\">\n\t\t\t\t<div class=\"elementor-widget-container\">\n\t\t\t\t\t<h4 class=\"elementor-heading-title elementor-size-default\">Platobn\u00e9 \u00fadaje platcovia DPH<\/h4>\t\t\t\t<\/div>\n\t\t\t\t<\/div>\n\t\t\t\t<div class=\"elementor-element elementor-element-47de493 elementor-widget elementor-widget-text-editor\" data-id=\"47de493\" data-element_type=\"widget\" data-widget_type=\"text-editor.default\">\n\t\t\t\t<div class=\"elementor-widget-container\">\n\t\t\t\t\t\t\t\t\t<p>Banka: V\u00daB, as, Bratislava<br \/>IBAN: SK52 0200 0000 0026 0458 6654<br \/>SUBA SUBASKBX<\/p>\t\t\t\t\t\t\t\t<\/div>\n\t\t\t\t<\/div>\n\t\t\t\t\t<\/div>\n\t\t\t\t<\/div>\n\t\t<div class=\"elementor-element elementor-element-b53ea38 legal-notice-info-box e-flex e-con-boxed e-con e-child\" data-id=\"b53ea38\" data-element_type=\"container\">\n\t\t\t\t\t<div class=\"e-con-inner\">\n\t\t\t\t<div class=\"elementor-element elementor-element-888f710 elementor-widget elementor-widget-heading\" data-id=\"888f710\" data-element_type=\"widget\" data-widget_type=\"heading.default\">\n\t\t\t\t<div class=\"elementor-widget-container\">\n\t\t\t\t\t<h4 class=\"elementor-heading-title elementor-size-default\">DPH<\/h4>\t\t\t\t<\/div>\n\t\t\t\t<\/div>\n\t\t\t\t<div class=\"elementor-element elementor-element-1442755 elementor-widget elementor-widget-text-editor\" data-id=\"1442755\" data-element_type=\"widget\" data-widget_type=\"text-editor.default\">\n\t\t\t\t<div class=\"elementor-widget-container\">\n\t\t\t\t\t\t\t\t\t<p>DI\u010c: SK2022833241<\/p>\t\t\t\t\t\t\t\t<\/div>\n\t\t\t\t<\/div>\n\t\t\t\t\t<\/div>\n\t\t\t\t<\/div>\n\t\t<div class=\"elementor-element elementor-element-0c92e2d legal-notice-info-box e-flex e-con-boxed e-con e-child\" data-id=\"0c92e2d\" data-element_type=\"container\">\n\t\t\t\t\t<div class=\"e-con-inner\">\n\t\t\t\t<div class=\"elementor-element elementor-element-a4abacc elementor-widget elementor-widget-heading\" data-id=\"a4abacc\" data-element_type=\"widget\" data-widget_type=\"heading.default\">\n\t\t\t\t<div class=\"elementor-widget-container\">\n\t\t\t\t\t<h4 class=\"elementor-heading-title elementor-size-default\">Obchodn\u00fd register<\/h4>\t\t\t\t<\/div>\n\t\t\t\t<\/div>\n\t\t\t\t<div class=\"elementor-element elementor-element-e39dcf5 elementor-widget elementor-widget-text-editor\" data-id=\"e39dcf5\" data-element_type=\"widget\" data-widget_type=\"text-editor.default\">\n\t\t\t\t<div class=\"elementor-widget-container\">\n\t\t\t\t\t\t\t\t\t<p>Okresn\u00e9ho s\u00fadu Bratislava I, vlo\u017eka \u010d. 58498\/B, Oddiel: S.r.o.<\/p>\t\t\t\t\t\t\t\t<\/div>\n\t\t\t\t<\/div>\n\t\t\t\t\t<\/div>\n\t\t\t\t<\/div>\n\t\t\t\t<\/div>\n\t\t\t\t<\/div>\n\t\t\t\t\t<\/div>\n\t\t\t\t<\/div>\n\t\t\t\t<\/div>\n\t\t\t\t<\/div>\n\t\t","protected":false},"excerpt":{"rendered":"<p>Pr\u00e1vne upozornenie Darren Chastney\/Kavali, s.r.o. Kontakt Excelentn\u00fd anglick\u00fd jazyka Darren Chastney\/Kavali, s.r.o., Budovate\u013esk\u00e1 29\/1062, 821 08 Bratislava 2, Slovensko Telef\u00f3n: 421 903 465 372 | Kontakt: darrenchastney@gmail.com Darren Chastney Platobn\u00e9 \u00fadaje neplatcovia DPH (fyzick\u00e9 osoby) Banka: V\u00daB, as, BratislavaIBAN: SK64 0200 0000 0017 6857 1956SUBA SUBASKBX Da\u0148 Da\u0148ov\u00e9 \u010d\u00edslo: 1070962607 Obchodn\u00fd register Obchodn\u00e9 opr\u00e1vnenie: Reg. [&hellip;]<\/p>\n","protected":false},"author":1,"featured_media":0,"parent":0,"menu_order":0,"comment_status":"closed","ping_status":"closed","template":"","meta":{"footnotes":""},"class_list":["post-344","page","type-page","status-publish","hentry"],"yoast_head":"<!-- This site is optimized with the Yoast SEO plugin v25.5 - https:\/\/yoast.com\/wordpress\/plugins\/seo\/ -->\n<title>Pr\u00e1vne upozornenie - Darren Chastney<\/title>\n<meta name=\"robots\" content=\"index, follow, max-snippet:-1, max-image-preview:large, max-video-preview:-1\" \/>\n<link rel=\"canonical\" href=\"https:\/\/darrenchastney.com\/sk\/pravne-upozornenie\/\" \/>\n<meta property=\"og:locale\" content=\"en_US\" \/>\n<meta property=\"og:type\" content=\"article\" \/>\n<meta property=\"og:title\" content=\"Pr\u00e1vne upozornenie - Darren Chastney\" \/>\n<meta property=\"og:description\" content=\"Pr\u00e1vne upozornenie Darren Chastney\/Kavali, s.r.o. Kontakt Excelentn\u00fd anglick\u00fd jazyka Darren Chastney\/Kavali, s.r.o., Budovate\u013esk\u00e1 29\/1062, 821 08 Bratislava 2, Slovensko Telef\u00f3n: 421 903 465 372 | Kontakt: darrenchastney@gmail.com Darren Chastney Platobn\u00e9 \u00fadaje neplatcovia DPH (fyzick\u00e9 osoby) Banka: V\u00daB, as, BratislavaIBAN: SK64 0200 0000 0017 6857 1956SUBA SUBASKBX Da\u0148 Da\u0148ov\u00e9 \u010d\u00edslo: 1070962607 Obchodn\u00fd register Obchodn\u00e9 opr\u00e1vnenie: Reg. [&hellip;]\" \/>\n<meta property=\"og:url\" content=\"https:\/\/darrenchastney.com\/sk\/pravne-upozornenie\/\" \/>\n<meta property=\"og:site_name\" content=\"Darren Chastney\" \/>\n<meta property=\"article:modified_time\" content=\"2024-03-16T09:32:26+00:00\" \/>\n<meta name=\"twitter:card\" content=\"summary_large_image\" \/>\n<meta name=\"twitter:label1\" content=\"Est. reading time\" \/>\n\t<meta name=\"twitter:data1\" content=\"1 minute\" \/>\n<script type=\"application\/ld+json\" class=\"yoast-schema-graph\">{\"@context\":\"https:\/\/schema.org\",\"@graph\":[{\"@type\":\"WebPage\",\"@id\":\"https:\/\/darrenchastney.com\/sk\/pravne-upozornenie\/\",\"url\":\"https:\/\/darrenchastney.com\/sk\/pravne-upozornenie\/\",\"name\":\"Pr\u00e1vne upozornenie - Darren Chastney\",\"isPartOf\":{\"@id\":\"https:\/\/darrenchastney.com\/sk\/#website\"},\"datePublished\":\"2024-02-29T08:21:23+00:00\",\"dateModified\":\"2024-03-16T09:32:26+00:00\",\"breadcrumb\":{\"@id\":\"https:\/\/darrenchastney.com\/sk\/pravne-upozornenie\/#breadcrumb\"},\"inLanguage\":\"en-US\",\"potentialAction\":[{\"@type\":\"ReadAction\",\"target\":[\"https:\/\/darrenchastney.com\/sk\/pravne-upozornenie\/\"]}]},{\"@type\":\"BreadcrumbList\",\"@id\":\"https:\/\/darrenchastney.com\/sk\/pravne-upozornenie\/#breadcrumb\",\"itemListElement\":[{\"@type\":\"ListItem\",\"position\":1,\"name\":\"Home\",\"item\":\"https:\/\/darrenchastney.com\/sk\/\"},{\"@type\":\"ListItem\",\"position\":2,\"name\":\"Pr\u00e1vne upozornenie\"}]},{\"@type\":\"WebSite\",\"@id\":\"https:\/\/darrenchastney.com\/sk\/#website\",\"url\":\"https:\/\/darrenchastney.com\/sk\/\",\"name\":\"Darren Chastney\",\"description\":\"\",\"publisher\":{\"@id\":\"https:\/\/darrenchastney.com\/sk\/#organization\"},\"potentialAction\":[{\"@type\":\"SearchAction\",\"target\":{\"@type\":\"EntryPoint\",\"urlTemplate\":\"https:\/\/darrenchastney.com\/sk\/?s={search_term_string}\"},\"query-input\":{\"@type\":\"PropertyValueSpecification\",\"valueRequired\":true,\"valueName\":\"search_term_string\"}}],\"inLanguage\":\"en-US\"},{\"@type\":\"Organization\",\"@id\":\"https:\/\/darrenchastney.com\/sk\/#organization\",\"name\":\"Darren Chastney\",\"url\":\"https:\/\/darrenchastney.com\/sk\/\",\"logo\":{\"@type\":\"ImageObject\",\"inLanguage\":\"en-US\",\"@id\":\"https:\/\/darrenchastney.com\/sk\/#\/schema\/logo\/image\/\",\"url\":\"https:\/\/darrenchastney.com\/sk\/wp-content\/uploads\/2024\/03\/cropped-header-logo.webp\",\"contentUrl\":\"https:\/\/darrenchastney.com\/sk\/wp-content\/uploads\/2024\/03\/cropped-header-logo.webp\",\"width\":410,\"height\":86,\"caption\":\"Darren Chastney\"},\"image\":{\"@id\":\"https:\/\/darrenchastney.com\/sk\/#\/schema\/logo\/image\/\"}}]}<\/script>\n<!-- \/ Yoast SEO plugin. -->","yoast_head_json":{"title":"Pr\u00e1vne upozornenie - Darren Chastney","robots":{"index":"index","follow":"follow","max-snippet":"max-snippet:-1","max-image-preview":"max-image-preview:large","max-video-preview":"max-video-preview:-1"},"canonical":"https:\/\/darrenchastney.com\/sk\/pravne-upozornenie\/","og_locale":"en_US","og_type":"article","og_title":"Pr\u00e1vne upozornenie - Darren Chastney","og_description":"Pr\u00e1vne upozornenie Darren Chastney\/Kavali, s.r.o. Kontakt Excelentn\u00fd anglick\u00fd jazyka Darren Chastney\/Kavali, s.r.o., Budovate\u013esk\u00e1 29\/1062, 821 08 Bratislava 2, Slovensko Telef\u00f3n: 421 903 465 372 | Kontakt: darrenchastney@gmail.com Darren Chastney Platobn\u00e9 \u00fadaje neplatcovia DPH (fyzick\u00e9 osoby) Banka: V\u00daB, as, BratislavaIBAN: SK64 0200 0000 0017 6857 1956SUBA SUBASKBX Da\u0148 Da\u0148ov\u00e9 \u010d\u00edslo: 1070962607 Obchodn\u00fd register Obchodn\u00e9 opr\u00e1vnenie: Reg. [&hellip;]","og_url":"https:\/\/darrenchastney.com\/sk\/pravne-upozornenie\/","og_site_name":"Darren Chastney","article_modified_time":"2024-03-16T09:32:26+00:00","twitter_card":"summary_large_image","twitter_misc":{"Est. reading time":"1 minute"},"schema":{"@context":"https:\/\/schema.org","@graph":[{"@type":"WebPage","@id":"https:\/\/darrenchastney.com\/sk\/pravne-upozornenie\/","url":"https:\/\/darrenchastney.com\/sk\/pravne-upozornenie\/","name":"Pr\u00e1vne upozornenie - Darren Chastney","isPartOf":{"@id":"https:\/\/darrenchastney.com\/sk\/#website"},"datePublished":"2024-02-29T08:21:23+00:00","dateModified":"2024-03-16T09:32:26+00:00","breadcrumb":{"@id":"https:\/\/darrenchastney.com\/sk\/pravne-upozornenie\/#breadcrumb"},"inLanguage":"en-US","potentialAction":[{"@type":"ReadAction","target":["https:\/\/darrenchastney.com\/sk\/pravne-upozornenie\/"]}]},{"@type":"BreadcrumbList","@id":"https:\/\/darrenchastney.com\/sk\/pravne-upozornenie\/#breadcrumb","itemListElement":[{"@type":"ListItem","position":1,"name":"Home","item":"https:\/\/darrenchastney.com\/sk\/"},{"@type":"ListItem","position":2,"name":"Pr\u00e1vne upozornenie"}]},{"@type":"WebSite","@id":"https:\/\/darrenchastney.com\/sk\/#website","url":"https:\/\/darrenchastney.com\/sk\/","name":"Darren Chastney","description":"","publisher":{"@id":"https:\/\/darrenchastney.com\/sk\/#organization"},"potentialAction":[{"@type":"SearchAction","target":{"@type":"EntryPoint","urlTemplate":"https:\/\/darrenchastney.com\/sk\/?s={search_term_string}"},"query-input":{"@type":"PropertyValueSpecification","valueRequired":true,"valueName":"search_term_string"}}],"inLanguage":"en-US"},{"@type":"Organization","@id":"https:\/\/darrenchastney.com\/sk\/#organization","name":"Darren Chastney","url":"https:\/\/darrenchastney.com\/sk\/","logo":{"@type":"ImageObject","inLanguage":"en-US","@id":"https:\/\/darrenchastney.com\/sk\/#\/schema\/logo\/image\/","url":"https:\/\/darrenchastney.com\/sk\/wp-content\/uploads\/2024\/03\/cropped-header-logo.webp","contentUrl":"https:\/\/darrenchastney.com\/sk\/wp-content\/uploads\/2024\/03\/cropped-header-logo.webp","width":410,"height":86,"caption":"Darren Chastney"},"image":{"@id":"https:\/\/darrenchastney.com\/sk\/#\/schema\/logo\/image\/"}}]}},"_links":{"self":[{"href":"https:\/\/darrenchastney.com\/sk\/wp-json\/wp\/v2\/pages\/344","targetHints":{"allow":["GET"]}}],"collection":[{"href":"https:\/\/darrenchastney.com\/sk\/wp-json\/wp\/v2\/pages"}],"about":[{"href":"https:\/\/darrenchastney.com\/sk\/wp-json\/wp\/v2\/types\/page"}],"author":[{"embeddable":true,"href":"https:\/\/darrenchastney.com\/sk\/wp-json\/wp\/v2\/users\/1"}],"replies":[{"embeddable":true,"href":"https:\/\/darrenchastney.com\/sk\/wp-json\/wp\/v2\/comments?post=344"}],"version-history":[{"count":5,"href":"https:\/\/darrenchastney.com\/sk\/wp-json\/wp\/v2\/pages\/344\/revisions"}],"predecessor-version":[{"id":1942,"href":"https:\/\/darrenchastney.com\/sk\/wp-json\/wp\/v2\/pages\/344\/revisions\/1942"}],"wp:attachment":[{"href":"https:\/\/darrenchastney.com\/sk\/wp-json\/wp\/v2\/media?parent=344"}],"curies":[{"name":"wp","href":"https:\/\/api.w.org\/{rel}","templated":true}]}}