{"id":311,"date":"2024-02-29T07:43:46","date_gmt":"2024-02-29T07:43:46","guid":{"rendered":"http:\/\/darrenchastney.com\/?page_id=311"},"modified":"2024-03-16T07:54:54","modified_gmt":"2024-03-16T07:54:54","slug":"kontakt","status":"publish","type":"page","link":"https:\/\/darrenchastney.com\/sk\/kontakt\/","title":{"rendered":"KONTAKT"},"content":{"rendered":"\t\t<div data-elementor-type=\"wp-page\" data-elementor-id=\"311\" class=\"elementor elementor-311\">\n\t\t\t\t<div class=\"elementor-element elementor-element-6709681 e-con-full banner-wrap e-flex e-con e-parent\" data-id=\"6709681\" data-element_type=\"container\" data-settings=\"{&quot;background_background&quot;:&quot;classic&quot;}\">\n\t\t<div class=\"elementor-element elementor-element-a2d709f container service-container e-flex e-con-boxed e-con e-child\" data-id=\"a2d709f\" data-element_type=\"container\" data-settings=\"{&quot;background_background&quot;:&quot;classic&quot;}\">\n\t\t\t\t\t<div class=\"e-con-inner\">\n\t\t<div class=\"elementor-element elementor-element-7010a3e e-con-full banner-info e-flex e-con e-child\" data-id=\"7010a3e\" data-element_type=\"container\">\n\t\t\t\t<div class=\"elementor-element elementor-element-d0e8a1f elementor-widget elementor-widget-heading\" data-id=\"d0e8a1f\" data-element_type=\"widget\" data-widget_type=\"heading.default\">\n\t\t\t\t<div class=\"elementor-widget-container\">\n\t\t\t\t\t<h2 class=\"elementor-heading-title elementor-size-default\">Kontakt<\/h2>\t\t\t\t<\/div>\n\t\t\t\t<\/div>\n\t\t\t\t<div class=\"elementor-element elementor-element-951ea17 elementor-widget elementor-widget-text-editor\" data-id=\"951ea17\" data-element_type=\"widget\" data-widget_type=\"text-editor.default\">\n\t\t\t\t<div class=\"elementor-widget-container\">\n\t\t\t\t\t\t\t\t\t<p>Transkre\u00e1cie, preklady, copywriting, copyediting, AI edit\u00e1cia a lokaliz\u00e1cia.<\/p>\t\t\t\t\t\t\t\t<\/div>\n\t\t\t\t<\/div>\n\t\t\t\t<div class=\"elementor-element elementor-element-f880374 theme-btn elementor-widget elementor-widget-button\" data-id=\"f880374\" data-element_type=\"widget\" data-widget_type=\"button.default\">\n\t\t\t\t<div class=\"elementor-widget-container\">\n\t\t\t\t\t\t\t\t\t<div class=\"elementor-button-wrapper\">\n\t\t\t\t\t<a class=\"elementor-button elementor-button-link elementor-size-sm\" href=\"https:\/\/darrenchastney.com\/sk\/kontakt\/\">\n\t\t\t\t\t\t<span class=\"elementor-button-content-wrapper\">\n\t\t\t\t\t\t\t\t\t<span class=\"elementor-button-text\">Kontakt<\/span>\n\t\t\t\t\t<\/span>\n\t\t\t\t\t<\/a>\n\t\t\t\t<\/div>\n\t\t\t\t\t\t\t\t<\/div>\n\t\t\t\t<\/div>\n\t\t\t\t<\/div>\n\t\t\t\t\t<\/div>\n\t\t\t\t<\/div>\n\t\t\t\t<\/div>\n\t\t<div class=\"elementor-element elementor-element-c1791ca e-con-full contact-box e-flex e-con e-parent\" data-id=\"c1791ca\" data-element_type=\"container\">\n\t\t<div class=\"elementor-element elementor-element-f15448b e-flex e-con-boxed e-con e-child\" data-id=\"f15448b\" data-element_type=\"container\">\n\t\t\t\t\t<div class=\"e-con-inner\">\n\t\t\t\t<div class=\"elementor-element elementor-element-e3a1ebe elementor-widget elementor-widget-shortcode\" data-id=\"e3a1ebe\" data-element_type=\"widget\" data-widget_type=\"shortcode.default\">\n\t\t\t\t<div class=\"elementor-widget-container\">\n\t\t\t\t\t\t\t<div class=\"elementor-shortcode\">\n<div class=\"wpcf7 no-js\" id=\"wpcf7-f1173-o1\" lang=\"en-US\" dir=\"ltr\" data-wpcf7-id=\"1173\">\n<div class=\"screen-reader-response\"><p role=\"status\" aria-live=\"polite\" aria-atomic=\"true\"><\/p> <ul><\/ul><\/div>\n<form action=\"\/sk\/wp-json\/wp\/v2\/pages\/311#wpcf7-f1173-o1\" method=\"post\" class=\"wpcf7-form init\" aria-label=\"Contact form\" enctype=\"multipart\/form-data\" novalidate=\"novalidate\" data-status=\"init\">\n<fieldset class=\"hidden-fields-container\"><input type=\"hidden\" name=\"_wpcf7\" value=\"1173\" \/><input type=\"hidden\" name=\"_wpcf7_version\" value=\"6.1\" \/><input type=\"hidden\" name=\"_wpcf7_locale\" value=\"en_US\" \/><input type=\"hidden\" name=\"_wpcf7_unit_tag\" value=\"wpcf7-f1173-o1\" \/><input type=\"hidden\" name=\"_wpcf7_container_post\" value=\"0\" \/><input type=\"hidden\" name=\"_wpcf7_posted_data_hash\" value=\"\" \/><input type=\"hidden\" name=\"_wpcf7_recaptcha_response\" value=\"\" \/>\n<\/fieldset>\n<p><label><span class=\"wpcf7-form-control-wrap\" data-name=\"your-name\"><input size=\"40\" maxlength=\"400\" class=\"wpcf7-form-control wpcf7-text wpcf7-validates-as-required\" autocomplete=\"name\" aria-required=\"true\" aria-invalid=\"false\" placeholder=\"Va\u0161e meno\" value=\"\" type=\"text\" name=\"your-name\" \/><\/span><\/label><br \/>\n<label><span class=\"wpcf7-form-control-wrap\" data-name=\"your-email\"><input size=\"40\" maxlength=\"400\" class=\"wpcf7-form-control wpcf7-email wpcf7-validates-as-required wpcf7-text wpcf7-validates-as-email\" autocomplete=\"email\" aria-required=\"true\" aria-invalid=\"false\" placeholder=\"V\u00e1\u0161 email\" value=\"\" type=\"email\" name=\"your-email\" \/><\/span><\/label><br \/>\n<label><span class=\"wpcf7-form-control-wrap\" data-name=\"telephone\"><input size=\"40\" maxlength=\"400\" class=\"wpcf7-form-control wpcf7-tel wpcf7-text wpcf7-validates-as-tel\" aria-invalid=\"false\" placeholder=\"V\u00e1\u0161 telef\u00f3n\" value=\"\" type=\"tel\" name=\"telephone\" \/><\/span><\/label><br \/>\n<label><span class=\"wpcf7-form-control-wrap\" data-name=\"your-message\"><textarea cols=\"40\" rows=\"10\" maxlength=\"2000\" class=\"wpcf7-form-control wpcf7-textarea wpcf7-validates-as-required\" aria-required=\"true\" aria-invalid=\"false\" placeholder=\"Va\u0161a spr\u00e1va\" name=\"your-message\"><\/textarea><\/span><\/label><br \/>\n<span class=\"wpcf7-form-control-wrap\" data-name=\"your-file\"><input size=\"40\" class=\"wpcf7-form-control wpcf7-file\" accept=\".png,.jpg,.jpeg,.txt,.doc,.docx,.pdf\" aria-invalid=\"false\" type=\"file\" name=\"your-file\" \/><\/span><br \/>\n<input class=\"wpcf7-form-control wpcf7-submit has-spinner\" type=\"submit\" value=\"Posla\u0165\" \/>\n<\/p><div class=\"wpcf7-response-output\" aria-hidden=\"true\"><\/div>\n<\/form>\n<\/div>\n<\/div>\n\t\t\t\t\t\t<\/div>\n\t\t\t\t<\/div>\n\t\t\t\t\t<\/div>\n\t\t\t\t<\/div>\n\t\t\t\t<\/div>\n\t\t<div class=\"elementor-element elementor-element-447bac7 e-flex e-con-boxed e-con e-parent\" data-id=\"447bac7\" data-element_type=\"container\">\n\t\t\t\t\t<div class=\"e-con-inner\">\n\t\t<div class=\"elementor-element elementor-element-aea059a container e-flex e-con-boxed e-con e-child\" data-id=\"aea059a\" data-element_type=\"container\">\n\t\t\t\t\t<div class=\"e-con-inner\">\n\t\t\t\t<div class=\"elementor-element elementor-element-05405cd client-title elementor-widget elementor-widget-heading\" data-id=\"05405cd\" data-element_type=\"widget\" data-widget_type=\"heading.default\">\n\t\t\t\t<div class=\"elementor-widget-container\">\n\t\t\t\t\t<h2 class=\"elementor-heading-title elementor-size-default\">KDE PRACUJEM?<\/h2>\t\t\t\t<\/div>\n\t\t\t\t<\/div>\n\t\t\t\t<div class=\"elementor-element elementor-element-f322c29 client-info elementor-widget elementor-widget-text-editor\" data-id=\"f322c29\" data-element_type=\"widget\" data-widget_type=\"text-editor.default\">\n\t\t\t\t<div class=\"elementor-widget-container\">\n\t\t\t\t\t\t\t\t\t<p>Som hrd\u00fd na to, \u017ee m\u00f4\u017eem kr\u00e1snu Bratislavu naz\u00fdva\u0165 svoj\u00edm adopt\u00edvnym domovom a pracoviskom.<\/p>\t\t\t\t\t\t\t\t<\/div>\n\t\t\t\t<\/div>\n\t\t\t\t<div class=\"elementor-element elementor-element-b76d075 elementor-widget elementor-widget-html\" data-id=\"b76d075\" data-element_type=\"widget\" data-widget_type=\"html.default\">\n\t\t\t\t<div class=\"elementor-widget-container\">\n\t\t\t\t\t<iframe src=\"https:\/\/www.google.com\/maps\/embed?pb=!1m18!1m12!1m3!1d2661.920504327962!2d17.1269122!3d48.150337799999996!2m3!1f0!2f0!3f0!3m2!1i1024!2i768!4f13.1!3m3!1m2!1s0x476c8937da8c2f61%3A0xf58b33b591ab80c2!2sBudovate%C4%BEsk%C3%A1%201062%2F29%2C%20821%2008%20Bratislava%2C%20Slovakia!5e0!3m2!1sen!2s!4v1709795895305!5m2!1sen!2s\" width=\"600\" height=\"360\" style=\"border:0;\" allowfullscreen=\"\" loading=\"lazy\" referrerpolicy=\"no-referrer-when-downgrade\"><\/iframe>\t\t\t\t<\/div>\n\t\t\t\t<\/div>\n\t\t\t\t<div class=\"elementor-element elementor-element-dbf3e73 theme-btn elementor-widget elementor-widget-button\" data-id=\"dbf3e73\" data-element_type=\"widget\" data-widget_type=\"button.default\">\n\t\t\t\t<div class=\"elementor-widget-container\">\n\t\t\t\t\t\t\t\t\t<div class=\"elementor-button-wrapper\">\n\t\t\t\t\t<a class=\"elementor-button elementor-button-link elementor-size-sm\" href=\"mailto:darrenchastney@gmail.com\">\n\t\t\t\t\t\t<span class=\"elementor-button-content-wrapper\">\n\t\t\t\t\t\t\t\t\t<span class=\"elementor-button-text\">Kontakt<\/span>\n\t\t\t\t\t<\/span>\n\t\t\t\t\t<\/a>\n\t\t\t\t<\/div>\n\t\t\t\t\t\t\t\t<\/div>\n\t\t\t\t<\/div>\n\t\t\t\t\t<\/div>\n\t\t\t\t<\/div>\n\t\t\t\t\t<\/div>\n\t\t\t\t<\/div>\n\t\t\t\t<\/div>\n\t\t","protected":false},"excerpt":{"rendered":"<p>Kontakt Transkre\u00e1cie, preklady, copywriting, copyediting, AI edit\u00e1cia a lokaliz\u00e1cia. Kontakt KDE PRACUJEM? Som hrd\u00fd na to, \u017ee m\u00f4\u017eem kr\u00e1snu Bratislavu naz\u00fdva\u0165 svoj\u00edm adopt\u00edvnym domovom a pracoviskom. Kontakt<\/p>\n","protected":false},"author":1,"featured_media":0,"parent":0,"menu_order":0,"comment_status":"closed","ping_status":"closed","template":"","meta":{"footnotes":""},"class_list":["post-311","page","type-page","status-publish","hentry"],"yoast_head":"<!-- This site is optimized with the Yoast SEO plugin v25.5 - https:\/\/yoast.com\/wordpress\/plugins\/seo\/ -->\n<title>KONTAKT - Darren Chastney<\/title>\n<meta name=\"robots\" content=\"index, follow, max-snippet:-1, max-image-preview:large, max-video-preview:-1\" \/>\n<link rel=\"canonical\" href=\"https:\/\/darrenchastney.com\/sk\/kontakt\/\" \/>\n<meta property=\"og:locale\" content=\"en_US\" \/>\n<meta property=\"og:type\" content=\"article\" \/>\n<meta property=\"og:title\" content=\"KONTAKT - Darren Chastney\" \/>\n<meta property=\"og:description\" content=\"Kontakt Transkre\u00e1cie, preklady, copywriting, copyediting, AI edit\u00e1cia a lokaliz\u00e1cia. Kontakt KDE PRACUJEM? Som hrd\u00fd na to, \u017ee m\u00f4\u017eem kr\u00e1snu Bratislavu naz\u00fdva\u0165 svoj\u00edm adopt\u00edvnym domovom a pracoviskom. Kontakt\" \/>\n<meta property=\"og:url\" content=\"https:\/\/darrenchastney.com\/sk\/kontakt\/\" \/>\n<meta property=\"og:site_name\" content=\"Darren Chastney\" \/>\n<meta property=\"article:modified_time\" content=\"2024-03-16T07:54:54+00:00\" \/>\n<meta name=\"twitter:card\" content=\"summary_large_image\" \/>\n<script type=\"application\/ld+json\" class=\"yoast-schema-graph\">{\"@context\":\"https:\/\/schema.org\",\"@graph\":[{\"@type\":\"WebPage\",\"@id\":\"https:\/\/darrenchastney.com\/sk\/kontakt\/\",\"url\":\"https:\/\/darrenchastney.com\/sk\/kontakt\/\",\"name\":\"KONTAKT - Darren Chastney\",\"isPartOf\":{\"@id\":\"https:\/\/darrenchastney.com\/sk\/#website\"},\"datePublished\":\"2024-02-29T07:43:46+00:00\",\"dateModified\":\"2024-03-16T07:54:54+00:00\",\"breadcrumb\":{\"@id\":\"https:\/\/darrenchastney.com\/sk\/kontakt\/#breadcrumb\"},\"inLanguage\":\"en-US\",\"potentialAction\":[{\"@type\":\"ReadAction\",\"target\":[\"https:\/\/darrenchastney.com\/sk\/kontakt\/\"]}]},{\"@type\":\"BreadcrumbList\",\"@id\":\"https:\/\/darrenchastney.com\/sk\/kontakt\/#breadcrumb\",\"itemListElement\":[{\"@type\":\"ListItem\",\"position\":1,\"name\":\"Home\",\"item\":\"https:\/\/darrenchastney.com\/sk\/\"},{\"@type\":\"ListItem\",\"position\":2,\"name\":\"KONTAKT\"}]},{\"@type\":\"WebSite\",\"@id\":\"https:\/\/darrenchastney.com\/sk\/#website\",\"url\":\"https:\/\/darrenchastney.com\/sk\/\",\"name\":\"Darren Chastney\",\"description\":\"\",\"publisher\":{\"@id\":\"https:\/\/darrenchastney.com\/sk\/#organization\"},\"potentialAction\":[{\"@type\":\"SearchAction\",\"target\":{\"@type\":\"EntryPoint\",\"urlTemplate\":\"https:\/\/darrenchastney.com\/sk\/?s={search_term_string}\"},\"query-input\":{\"@type\":\"PropertyValueSpecification\",\"valueRequired\":true,\"valueName\":\"search_term_string\"}}],\"inLanguage\":\"en-US\"},{\"@type\":\"Organization\",\"@id\":\"https:\/\/darrenchastney.com\/sk\/#organization\",\"name\":\"Darren Chastney\",\"url\":\"https:\/\/darrenchastney.com\/sk\/\",\"logo\":{\"@type\":\"ImageObject\",\"inLanguage\":\"en-US\",\"@id\":\"https:\/\/darrenchastney.com\/sk\/#\/schema\/logo\/image\/\",\"url\":\"https:\/\/darrenchastney.com\/sk\/wp-content\/uploads\/2024\/03\/cropped-header-logo.webp\",\"contentUrl\":\"https:\/\/darrenchastney.com\/sk\/wp-content\/uploads\/2024\/03\/cropped-header-logo.webp\",\"width\":410,\"height\":86,\"caption\":\"Darren Chastney\"},\"image\":{\"@id\":\"https:\/\/darrenchastney.com\/sk\/#\/schema\/logo\/image\/\"}}]}<\/script>\n<!-- \/ Yoast SEO plugin. -->","yoast_head_json":{"title":"KONTAKT - Darren Chastney","robots":{"index":"index","follow":"follow","max-snippet":"max-snippet:-1","max-image-preview":"max-image-preview:large","max-video-preview":"max-video-preview:-1"},"canonical":"https:\/\/darrenchastney.com\/sk\/kontakt\/","og_locale":"en_US","og_type":"article","og_title":"KONTAKT - Darren Chastney","og_description":"Kontakt Transkre\u00e1cie, preklady, copywriting, copyediting, AI edit\u00e1cia a lokaliz\u00e1cia. Kontakt KDE PRACUJEM? Som hrd\u00fd na to, \u017ee m\u00f4\u017eem kr\u00e1snu Bratislavu naz\u00fdva\u0165 svoj\u00edm adopt\u00edvnym domovom a pracoviskom. Kontakt","og_url":"https:\/\/darrenchastney.com\/sk\/kontakt\/","og_site_name":"Darren Chastney","article_modified_time":"2024-03-16T07:54:54+00:00","twitter_card":"summary_large_image","schema":{"@context":"https:\/\/schema.org","@graph":[{"@type":"WebPage","@id":"https:\/\/darrenchastney.com\/sk\/kontakt\/","url":"https:\/\/darrenchastney.com\/sk\/kontakt\/","name":"KONTAKT - Darren Chastney","isPartOf":{"@id":"https:\/\/darrenchastney.com\/sk\/#website"},"datePublished":"2024-02-29T07:43:46+00:00","dateModified":"2024-03-16T07:54:54+00:00","breadcrumb":{"@id":"https:\/\/darrenchastney.com\/sk\/kontakt\/#breadcrumb"},"inLanguage":"en-US","potentialAction":[{"@type":"ReadAction","target":["https:\/\/darrenchastney.com\/sk\/kontakt\/"]}]},{"@type":"BreadcrumbList","@id":"https:\/\/darrenchastney.com\/sk\/kontakt\/#breadcrumb","itemListElement":[{"@type":"ListItem","position":1,"name":"Home","item":"https:\/\/darrenchastney.com\/sk\/"},{"@type":"ListItem","position":2,"name":"KONTAKT"}]},{"@type":"WebSite","@id":"https:\/\/darrenchastney.com\/sk\/#website","url":"https:\/\/darrenchastney.com\/sk\/","name":"Darren Chastney","description":"","publisher":{"@id":"https:\/\/darrenchastney.com\/sk\/#organization"},"potentialAction":[{"@type":"SearchAction","target":{"@type":"EntryPoint","urlTemplate":"https:\/\/darrenchastney.com\/sk\/?s={search_term_string}"},"query-input":{"@type":"PropertyValueSpecification","valueRequired":true,"valueName":"search_term_string"}}],"inLanguage":"en-US"},{"@type":"Organization","@id":"https:\/\/darrenchastney.com\/sk\/#organization","name":"Darren Chastney","url":"https:\/\/darrenchastney.com\/sk\/","logo":{"@type":"ImageObject","inLanguage":"en-US","@id":"https:\/\/darrenchastney.com\/sk\/#\/schema\/logo\/image\/","url":"https:\/\/darrenchastney.com\/sk\/wp-content\/uploads\/2024\/03\/cropped-header-logo.webp","contentUrl":"https:\/\/darrenchastney.com\/sk\/wp-content\/uploads\/2024\/03\/cropped-header-logo.webp","width":410,"height":86,"caption":"Darren Chastney"},"image":{"@id":"https:\/\/darrenchastney.com\/sk\/#\/schema\/logo\/image\/"}}]}},"_links":{"self":[{"href":"https:\/\/darrenchastney.com\/sk\/wp-json\/wp\/v2\/pages\/311","targetHints":{"allow":["GET"]}}],"collection":[{"href":"https:\/\/darrenchastney.com\/sk\/wp-json\/wp\/v2\/pages"}],"about":[{"href":"https:\/\/darrenchastney.com\/sk\/wp-json\/wp\/v2\/types\/page"}],"author":[{"embeddable":true,"href":"https:\/\/darrenchastney.com\/sk\/wp-json\/wp\/v2\/users\/1"}],"replies":[{"embeddable":true,"href":"https:\/\/darrenchastney.com\/sk\/wp-json\/wp\/v2\/comments?post=311"}],"version-history":[{"count":13,"href":"https:\/\/darrenchastney.com\/sk\/wp-json\/wp\/v2\/pages\/311\/revisions"}],"predecessor-version":[{"id":1909,"href":"https:\/\/darrenchastney.com\/sk\/wp-json\/wp\/v2\/pages\/311\/revisions\/1909"}],"wp:attachment":[{"href":"https:\/\/darrenchastney.com\/sk\/wp-json\/wp\/v2\/media?parent=311"}],"curies":[{"name":"wp","href":"https:\/\/api.w.org\/{rel}","templated":true}]}}