{"id":310,"date":"2024-02-29T07:43:27","date_gmt":"2024-02-29T07:43:27","guid":{"rendered":"http:\/\/darrenchastney.com\/?page_id=310"},"modified":"2024-03-12T07:53:18","modified_gmt":"2024-03-12T07:53:18","slug":"kto-som","status":"publish","type":"page","link":"https:\/\/darrenchastney.com\/sk\/kto-som\/","title":{"rendered":"Kto som"},"content":{"rendered":"\t\t<div data-elementor-type=\"wp-page\" data-elementor-id=\"310\" class=\"elementor elementor-310\">\n\t\t\t\t<div class=\"elementor-element elementor-element-6c67e70 e-con-full banner-wrap e-flex e-con e-parent\" data-id=\"6c67e70\" data-element_type=\"container\" data-settings=\"{&quot;background_background&quot;:&quot;classic&quot;}\">\n\t\t<div class=\"elementor-element elementor-element-ba637e1 container service-container e-flex e-con-boxed e-con e-child\" data-id=\"ba637e1\" data-element_type=\"container\" data-settings=\"{&quot;background_background&quot;:&quot;classic&quot;}\">\n\t\t\t\t\t<div class=\"e-con-inner\">\n\t\t<div class=\"elementor-element elementor-element-b88d4ab e-con-full banner-info e-flex e-con e-child\" data-id=\"b88d4ab\" data-element_type=\"container\">\n\t\t\t\t<div class=\"elementor-element elementor-element-f352d44 elementor-widget elementor-widget-heading\" data-id=\"f352d44\" data-element_type=\"widget\" data-widget_type=\"heading.default\">\n\t\t\t\t<div class=\"elementor-widget-container\">\n\t\t\t\t\t<h2 class=\"elementor-heading-title elementor-size-default\">O MNE<\/h2>\t\t\t\t<\/div>\n\t\t\t\t<\/div>\n\t\t\t\t<div class=\"elementor-element elementor-element-d5ae267 elementor-widget elementor-widget-text-editor\" data-id=\"d5ae267\" data-element_type=\"widget\" data-widget_type=\"text-editor.default\">\n\t\t\t\t<div class=\"elementor-widget-container\">\n\t\t\t\t\t\t\t\t\t<p>Transkre\u00e1cie, preklady, copywriting, copyediting, AI edit\u00e1cia a lokaliz\u00e1cia.<\/p>\t\t\t\t\t\t\t\t<\/div>\n\t\t\t\t<\/div>\n\t\t\t\t<div class=\"elementor-element elementor-element-02cc4ad theme-btn elementor-widget elementor-widget-button\" data-id=\"02cc4ad\" data-element_type=\"widget\" data-widget_type=\"button.default\">\n\t\t\t\t<div class=\"elementor-widget-container\">\n\t\t\t\t\t\t\t\t\t<div class=\"elementor-button-wrapper\">\n\t\t\t\t\t<a class=\"elementor-button elementor-button-link elementor-size-sm\" href=\"https:\/\/darrenchastney.com\/sk\/kontakt\/\">\n\t\t\t\t\t\t<span class=\"elementor-button-content-wrapper\">\n\t\t\t\t\t\t\t\t\t<span class=\"elementor-button-text\">Kontakt<\/span>\n\t\t\t\t\t<\/span>\n\t\t\t\t\t<\/a>\n\t\t\t\t<\/div>\n\t\t\t\t\t\t\t\t<\/div>\n\t\t\t\t<\/div>\n\t\t\t\t<\/div>\n\t\t\t\t\t<\/div>\n\t\t\t\t<\/div>\n\t\t\t\t<\/div>\n\t\t<div class=\"elementor-element elementor-element-23ace31 e-con-full about-wrap e-flex e-con e-parent\" data-id=\"23ace31\" data-element_type=\"container\">\n\t\t<div class=\"elementor-element elementor-element-78f0a65 container e-flex e-con-boxed e-con e-child\" data-id=\"78f0a65\" data-element_type=\"container\">\n\t\t\t\t\t<div class=\"e-con-inner\">\n\t\t<div class=\"elementor-element elementor-element-ec62d64 e-con-full about-info-box e-flex e-con e-child\" data-id=\"ec62d64\" data-element_type=\"container\">\n\t\t\t\t<div class=\"elementor-element elementor-element-5064e85 client-title elementor-widget elementor-widget-heading\" data-id=\"5064e85\" data-element_type=\"widget\" data-widget_type=\"heading.default\">\n\t\t\t\t<div class=\"elementor-widget-container\">\n\t\t\t\t\t<h2 class=\"elementor-heading-title elementor-size-default\">O MNE<\/h2>\t\t\t\t<\/div>\n\t\t\t\t<\/div>\n\t\t\t\t<div class=\"elementor-element elementor-element-600a487 about-info elementor-widget elementor-widget-text-editor\" data-id=\"600a487\" data-element_type=\"widget\" data-widget_type=\"text-editor.default\">\n\t\t\t\t<div class=\"elementor-widget-container\">\n\t\t\t\t\t\t\t\t\t<p>Som nez\u00e1visl\u00fd britsk\u00fd prekladate\u013e zo sloven\u010diny\/\u010de\u0161tiny do angli\u010dtiny, kreat\u00edvny prekladate\u013e, reklamn\u00fd text\u00e1r a editor. M\u00e1m sk\u00fasenosti s marketingom, vz\u0165ahmi s verejnos\u0165ou, reklamou a vyu\u010dovan\u00edm.<\/p>\t\t\t\t\t\t\t\t<\/div>\n\t\t\t\t<\/div>\n\t\t\t\t<div class=\"elementor-element elementor-element-a77cb72 about-info elementor-widget elementor-widget-text-editor\" data-id=\"a77cb72\" data-element_type=\"widget\" data-widget_type=\"text-editor.default\">\n\t\t\t\t<div class=\"elementor-widget-container\">\n\t\t\t\t\t\t\t\t\t<p>M\u00f4\u017eem v\u00e1m pom\u00f4c\u0165 nadviaza\u0165 kontakt s va\u0161imi z\u00e1kazn\u00edkmi, klientmi alebo \u010ditate\u013emi t\u00fdm, \u017ee vytvor\u00edm slov\u00e1, ktor\u00e9 s\u00fa dobre nap\u00edsan\u00e9, spr\u00e1vne a \u0161t\u00fdlov\u00e9 a s\u00fa v s\u00falade s va\u0161\u00edm t\u00f3nom hlasu a sprievodcom \u0161t\u00fdlu.<\/p>\t\t\t\t\t\t\t\t<\/div>\n\t\t\t\t<\/div>\n\t\t\t\t<div class=\"elementor-element elementor-element-5b75961 about-info elementor-widget elementor-widget-text-editor\" data-id=\"5b75961\" data-element_type=\"widget\" data-widget_type=\"text-editor.default\">\n\t\t\t\t<div class=\"elementor-widget-container\">\n\t\t\t\t\t\t\t\t\t<p>S viac ako 25-ro\u010dnou praxou v jazykovom sektore m\u00e1m zru\u010dnosti a sk\u00fasenosti na poskytovanie kvalitn\u00e9ho obsahu v mnoh\u00fdch odvetviach Patr\u00ed sem marketing, m\u00e9di\u00e1, vz\u0165ahy s verejnos\u0165ou, reklama, p\u00edsanie, literat\u00fara, akademick\u00e9 prostredie a cestovanie. Pom\u00e1ham tie\u017e z\u00e1kazn\u00edkom z r\u00f4znych odvetv\u00ed s obsahom, od webov\u00fdch str\u00e1nok a pr\u00edspevkov na blogoch a\u017e po reklamn\u00e9 texty a e-knihy.<\/p>\t\t\t\t\t\t\t\t<\/div>\n\t\t\t\t<\/div>\n\t\t\t\t<div class=\"elementor-element elementor-element-6063d72 about-info elementor-widget elementor-widget-text-editor\" data-id=\"6063d72\" data-element_type=\"widget\" data-widget_type=\"text-editor.default\">\n\t\t\t\t<div class=\"elementor-widget-container\">\n\t\t\t\t\t\t\t\t\t<p>Zaviazal som sa k neust\u00e1lemu zlep\u0161ovaniu slu\u017eieb a st\u00e1le h\u013ead\u00e1m sp\u00f4soby, ako zv\u00fd\u0161i\u0165 kvalitu, skr\u00e1ti\u0165 dodacie lehoty a zn\u00ed\u017ei\u0165 n\u00e1klady vo v\u00e1\u0161 prospech. Dosahujem to optim\u00e1lnou rovnov\u00e1hou medzi vyu\u017e\u00edvan\u00edm najnov\u0161\u00edch jazykov\u00fdch technol\u00f3gi\u00ed (MT a AI) a mojimi neocenite\u013en\u00fdmi sk\u00fasenos\u0165ami a zru\u010dnos\u0165ami, aby som sa stal expertom v jazykovej sf\u00e9re, ktor\u00fd m\u00e1 ide\u00e1lnu praktick\u00fa a profesion\u00e1lnu poz\u00edciu na posilnenie a umo\u017enenie \u013eudsk\u00e9ho vyjadrovania. Va\u0161e slov\u00e1 s\u00fa v mojich oddan\u00fdch ruk\u00e1ch v bezpe\u010d\u00ed.<\/p>\t\t\t\t\t\t\t\t<\/div>\n\t\t\t\t<\/div>\n\t\t\t\t<\/div>\n\t\t<div class=\"elementor-element elementor-element-f703f4e e-con-full about-row e-flex e-con e-child\" data-id=\"f703f4e\" data-element_type=\"container\">\n\t\t<div class=\"elementor-element elementor-element-749724d e-con-full about-col e-flex e-con e-child\" data-id=\"749724d\" data-element_type=\"container\">\n\t\t<div class=\"elementor-element elementor-element-0751b74 e-con-full about-col-img e-flex e-con e-child\" data-id=\"0751b74\" data-element_type=\"container\">\n\t\t\t\t<div class=\"elementor-element elementor-element-9622984 elementor-widget elementor-widget-image\" data-id=\"9622984\" data-element_type=\"widget\" data-widget_type=\"image.default\">\n\t\t\t\t<div class=\"elementor-widget-container\">\n\t\t\t\t\t\t\t\t\t\t\t\t\t\t\t<img decoding=\"async\" width=\"106\" height=\"104\" src=\"https:\/\/darrenchastney.com\/sk\/wp-content\/uploads\/2024\/03\/pro-copy-writer-logo.webp\" class=\"attachment-large size-large wp-image-1146\" alt=\"pro copy writer logo\" \/>\t\t\t\t\t\t\t\t\t\t\t\t\t\t\t<\/div>\n\t\t\t\t<\/div>\n\t\t\t\t<\/div>\n\t\t\t\t<\/div>\n\t\t<div class=\"elementor-element elementor-element-cf91c7d e-con-full about-col e-flex e-con e-child\" data-id=\"cf91c7d\" data-element_type=\"container\">\n\t\t<div class=\"elementor-element elementor-element-722e0c5 e-con-full about-col-img e-flex e-con e-child\" data-id=\"722e0c5\" data-element_type=\"container\">\n\t\t\t\t<div class=\"elementor-element elementor-element-9b0853e elementor-widget elementor-widget-image\" data-id=\"9b0853e\" data-element_type=\"widget\" data-widget_type=\"image.default\">\n\t\t\t\t<div class=\"elementor-widget-container\">\n\t\t\t\t\t\t\t\t\t\t\t\t\t\t\t<img decoding=\"async\" width=\"253\" height=\"67\" src=\"https:\/\/darrenchastney.com\/sk\/wp-content\/uploads\/2024\/03\/affiliate-member-logo.webp\" class=\"attachment-large size-large wp-image-1147\" alt=\"affiliate member logo\" \/>\t\t\t\t\t\t\t\t\t\t\t\t\t\t\t<\/div>\n\t\t\t\t<\/div>\n\t\t\t\t<\/div>\n\t\t\t\t<\/div>\n\t\t<div class=\"elementor-element elementor-element-cb0ecef e-con-full about-col e-flex e-con e-child\" data-id=\"cb0ecef\" data-element_type=\"container\">\n\t\t<div class=\"elementor-element elementor-element-6828193 e-con-full about-col-img e-flex e-con e-child\" data-id=\"6828193\" data-element_type=\"container\">\n\t\t\t\t<div class=\"elementor-element elementor-element-36f00cc elementor-widget elementor-widget-image\" data-id=\"36f00cc\" data-element_type=\"widget\" data-widget_type=\"image.default\">\n\t\t\t\t<div class=\"elementor-widget-container\">\n\t\t\t\t\t\t\t\t\t\t\t\t\t\t\t<img decoding=\"async\" width=\"262\" height=\"44\" src=\"https:\/\/darrenchastney.com\/sk\/wp-content\/uploads\/2024\/03\/british-chamber-of-commerce-logo.webp\" class=\"attachment-large size-large wp-image-1148\" alt=\"british chamber of commerce\" \/>\t\t\t\t\t\t\t\t\t\t\t\t\t\t\t<\/div>\n\t\t\t\t<\/div>\n\t\t\t\t<\/div>\n\t\t\t\t<\/div>\n\t\t<div class=\"elementor-element elementor-element-2de95dd e-con-full about-col e-flex e-con e-child\" data-id=\"2de95dd\" data-element_type=\"container\">\n\t\t<div class=\"elementor-element elementor-element-da12f7c e-con-full about-col-img e-flex e-con e-child\" data-id=\"da12f7c\" data-element_type=\"container\">\n\t\t\t\t<div class=\"elementor-element elementor-element-bc0a81e elementor-widget elementor-widget-image\" data-id=\"bc0a81e\" data-element_type=\"widget\" data-widget_type=\"image.default\">\n\t\t\t\t<div class=\"elementor-widget-container\">\n\t\t\t\t\t\t\t\t\t\t\t\t\t\t\t<img loading=\"lazy\" decoding=\"async\" width=\"202\" height=\"109\" src=\"https:\/\/darrenchastney.com\/sk\/wp-content\/uploads\/2024\/03\/ciep-logo.webp\" class=\"attachment-large size-large wp-image-1149\" alt=\"ciep logo\" \/>\t\t\t\t\t\t\t\t\t\t\t\t\t\t\t<\/div>\n\t\t\t\t<\/div>\n\t\t\t\t<\/div>\n\t\t\t\t<\/div>\n\t\t\t\t<\/div>\n\t\t\t\t<div class=\"elementor-element elementor-element-528ccdb elementor-widget elementor-widget-button\" data-id=\"528ccdb\" data-element_type=\"widget\" data-widget_type=\"button.default\">\n\t\t\t\t<div class=\"elementor-widget-container\">\n\t\t\t\t\t\t\t\t\t<div class=\"elementor-button-wrapper\">\n\t\t\t\t\t<a class=\"elementor-button elementor-button-link elementor-size-sm\" href=\"https:\/\/darrenchastney.com\/sk\/kontakt\/\">\n\t\t\t\t\t\t<span class=\"elementor-button-content-wrapper\">\n\t\t\t\t\t\t\t\t\t<span class=\"elementor-button-text\">Kontakt<\/span>\n\t\t\t\t\t<\/span>\n\t\t\t\t\t<\/a>\n\t\t\t\t<\/div>\n\t\t\t\t\t\t\t\t<\/div>\n\t\t\t\t<\/div>\n\t\t\t\t\t<\/div>\n\t\t\t\t<\/div>\n\t\t\t\t<\/div>\n\t\t\t\t<\/div>\n\t\t","protected":false},"excerpt":{"rendered":"<p>O MNE Transkre\u00e1cie, preklady, copywriting, copyediting, AI edit\u00e1cia a lokaliz\u00e1cia. Kontakt O MNE Som nez\u00e1visl\u00fd britsk\u00fd prekladate\u013e zo sloven\u010diny\/\u010de\u0161tiny do angli\u010dtiny, kreat\u00edvny prekladate\u013e, reklamn\u00fd text\u00e1r a editor. M\u00e1m sk\u00fasenosti s marketingom, vz\u0165ahmi s verejnos\u0165ou, reklamou a vyu\u010dovan\u00edm. M\u00f4\u017eem v\u00e1m pom\u00f4c\u0165 nadviaza\u0165 kontakt s va\u0161imi z\u00e1kazn\u00edkmi, klientmi alebo \u010ditate\u013emi t\u00fdm, \u017ee vytvor\u00edm slov\u00e1, ktor\u00e9 s\u00fa dobre [&hellip;]<\/p>\n","protected":false},"author":1,"featured_media":0,"parent":0,"menu_order":0,"comment_status":"closed","ping_status":"closed","template":"","meta":{"footnotes":""},"class_list":["post-310","page","type-page","status-publish","hentry"],"yoast_head":"<!-- This site is optimized with the Yoast SEO plugin v25.5 - https:\/\/yoast.com\/wordpress\/plugins\/seo\/ -->\n<title>Kto som - Darren Chastney<\/title>\n<meta name=\"robots\" content=\"index, follow, max-snippet:-1, max-image-preview:large, max-video-preview:-1\" \/>\n<link rel=\"canonical\" href=\"https:\/\/darrenchastney.com\/sk\/kto-som\/\" \/>\n<meta property=\"og:locale\" content=\"en_US\" \/>\n<meta property=\"og:type\" content=\"article\" \/>\n<meta property=\"og:title\" content=\"Kto som - Darren Chastney\" \/>\n<meta property=\"og:description\" content=\"O MNE Transkre\u00e1cie, preklady, copywriting, copyediting, AI edit\u00e1cia a lokaliz\u00e1cia. Kontakt O MNE Som nez\u00e1visl\u00fd britsk\u00fd prekladate\u013e zo sloven\u010diny\/\u010de\u0161tiny do angli\u010dtiny, kreat\u00edvny prekladate\u013e, reklamn\u00fd text\u00e1r a editor. M\u00e1m sk\u00fasenosti s marketingom, vz\u0165ahmi s verejnos\u0165ou, reklamou a vyu\u010dovan\u00edm. M\u00f4\u017eem v\u00e1m pom\u00f4c\u0165 nadviaza\u0165 kontakt s va\u0161imi z\u00e1kazn\u00edkmi, klientmi alebo \u010ditate\u013emi t\u00fdm, \u017ee vytvor\u00edm slov\u00e1, ktor\u00e9 s\u00fa dobre [&hellip;]\" \/>\n<meta property=\"og:url\" content=\"https:\/\/darrenchastney.com\/sk\/kto-som\/\" \/>\n<meta property=\"og:site_name\" content=\"Darren Chastney\" \/>\n<meta property=\"article:modified_time\" content=\"2024-03-12T07:53:18+00:00\" \/>\n<meta property=\"og:image\" content=\"http:\/\/darrenchastney.com\/sk\/wp-content\/uploads\/2024\/03\/pro-copy-writer-logo.webp\" \/>\n<meta name=\"twitter:card\" content=\"summary_large_image\" \/>\n<meta name=\"twitter:label1\" content=\"Est. reading time\" \/>\n\t<meta name=\"twitter:data1\" content=\"1 minute\" \/>\n<script type=\"application\/ld+json\" class=\"yoast-schema-graph\">{\"@context\":\"https:\/\/schema.org\",\"@graph\":[{\"@type\":\"WebPage\",\"@id\":\"https:\/\/darrenchastney.com\/sk\/kto-som\/\",\"url\":\"https:\/\/darrenchastney.com\/sk\/kto-som\/\",\"name\":\"Kto som - Darren Chastney\",\"isPartOf\":{\"@id\":\"https:\/\/darrenchastney.com\/sk\/#website\"},\"primaryImageOfPage\":{\"@id\":\"https:\/\/darrenchastney.com\/sk\/kto-som\/#primaryimage\"},\"image\":{\"@id\":\"https:\/\/darrenchastney.com\/sk\/kto-som\/#primaryimage\"},\"thumbnailUrl\":\"http:\/\/darrenchastney.com\/sk\/wp-content\/uploads\/2024\/03\/pro-copy-writer-logo.webp\",\"datePublished\":\"2024-02-29T07:43:27+00:00\",\"dateModified\":\"2024-03-12T07:53:18+00:00\",\"breadcrumb\":{\"@id\":\"https:\/\/darrenchastney.com\/sk\/kto-som\/#breadcrumb\"},\"inLanguage\":\"en-US\",\"potentialAction\":[{\"@type\":\"ReadAction\",\"target\":[\"https:\/\/darrenchastney.com\/sk\/kto-som\/\"]}]},{\"@type\":\"ImageObject\",\"inLanguage\":\"en-US\",\"@id\":\"https:\/\/darrenchastney.com\/sk\/kto-som\/#primaryimage\",\"url\":\"http:\/\/darrenchastney.com\/sk\/wp-content\/uploads\/2024\/03\/pro-copy-writer-logo.webp\",\"contentUrl\":\"http:\/\/darrenchastney.com\/sk\/wp-content\/uploads\/2024\/03\/pro-copy-writer-logo.webp\"},{\"@type\":\"BreadcrumbList\",\"@id\":\"https:\/\/darrenchastney.com\/sk\/kto-som\/#breadcrumb\",\"itemListElement\":[{\"@type\":\"ListItem\",\"position\":1,\"name\":\"Home\",\"item\":\"https:\/\/darrenchastney.com\/sk\/\"},{\"@type\":\"ListItem\",\"position\":2,\"name\":\"Kto som\"}]},{\"@type\":\"WebSite\",\"@id\":\"https:\/\/darrenchastney.com\/sk\/#website\",\"url\":\"https:\/\/darrenchastney.com\/sk\/\",\"name\":\"Darren Chastney\",\"description\":\"\",\"publisher\":{\"@id\":\"https:\/\/darrenchastney.com\/sk\/#organization\"},\"potentialAction\":[{\"@type\":\"SearchAction\",\"target\":{\"@type\":\"EntryPoint\",\"urlTemplate\":\"https:\/\/darrenchastney.com\/sk\/?s={search_term_string}\"},\"query-input\":{\"@type\":\"PropertyValueSpecification\",\"valueRequired\":true,\"valueName\":\"search_term_string\"}}],\"inLanguage\":\"en-US\"},{\"@type\":\"Organization\",\"@id\":\"https:\/\/darrenchastney.com\/sk\/#organization\",\"name\":\"Darren Chastney\",\"url\":\"https:\/\/darrenchastney.com\/sk\/\",\"logo\":{\"@type\":\"ImageObject\",\"inLanguage\":\"en-US\",\"@id\":\"https:\/\/darrenchastney.com\/sk\/#\/schema\/logo\/image\/\",\"url\":\"https:\/\/darrenchastney.com\/sk\/wp-content\/uploads\/2024\/03\/cropped-header-logo.webp\",\"contentUrl\":\"https:\/\/darrenchastney.com\/sk\/wp-content\/uploads\/2024\/03\/cropped-header-logo.webp\",\"width\":410,\"height\":86,\"caption\":\"Darren Chastney\"},\"image\":{\"@id\":\"https:\/\/darrenchastney.com\/sk\/#\/schema\/logo\/image\/\"}}]}<\/script>\n<!-- \/ Yoast SEO plugin. -->","yoast_head_json":{"title":"Kto som - Darren Chastney","robots":{"index":"index","follow":"follow","max-snippet":"max-snippet:-1","max-image-preview":"max-image-preview:large","max-video-preview":"max-video-preview:-1"},"canonical":"https:\/\/darrenchastney.com\/sk\/kto-som\/","og_locale":"en_US","og_type":"article","og_title":"Kto som - Darren Chastney","og_description":"O MNE Transkre\u00e1cie, preklady, copywriting, copyediting, AI edit\u00e1cia a lokaliz\u00e1cia. Kontakt O MNE Som nez\u00e1visl\u00fd britsk\u00fd prekladate\u013e zo sloven\u010diny\/\u010de\u0161tiny do angli\u010dtiny, kreat\u00edvny prekladate\u013e, reklamn\u00fd text\u00e1r a editor. M\u00e1m sk\u00fasenosti s marketingom, vz\u0165ahmi s verejnos\u0165ou, reklamou a vyu\u010dovan\u00edm. M\u00f4\u017eem v\u00e1m pom\u00f4c\u0165 nadviaza\u0165 kontakt s va\u0161imi z\u00e1kazn\u00edkmi, klientmi alebo \u010ditate\u013emi t\u00fdm, \u017ee vytvor\u00edm slov\u00e1, ktor\u00e9 s\u00fa dobre [&hellip;]","og_url":"https:\/\/darrenchastney.com\/sk\/kto-som\/","og_site_name":"Darren Chastney","article_modified_time":"2024-03-12T07:53:18+00:00","og_image":[{"url":"http:\/\/darrenchastney.com\/sk\/wp-content\/uploads\/2024\/03\/pro-copy-writer-logo.webp","type":"","width":"","height":""}],"twitter_card":"summary_large_image","twitter_misc":{"Est. reading time":"1 minute"},"schema":{"@context":"https:\/\/schema.org","@graph":[{"@type":"WebPage","@id":"https:\/\/darrenchastney.com\/sk\/kto-som\/","url":"https:\/\/darrenchastney.com\/sk\/kto-som\/","name":"Kto som - Darren Chastney","isPartOf":{"@id":"https:\/\/darrenchastney.com\/sk\/#website"},"primaryImageOfPage":{"@id":"https:\/\/darrenchastney.com\/sk\/kto-som\/#primaryimage"},"image":{"@id":"https:\/\/darrenchastney.com\/sk\/kto-som\/#primaryimage"},"thumbnailUrl":"http:\/\/darrenchastney.com\/sk\/wp-content\/uploads\/2024\/03\/pro-copy-writer-logo.webp","datePublished":"2024-02-29T07:43:27+00:00","dateModified":"2024-03-12T07:53:18+00:00","breadcrumb":{"@id":"https:\/\/darrenchastney.com\/sk\/kto-som\/#breadcrumb"},"inLanguage":"en-US","potentialAction":[{"@type":"ReadAction","target":["https:\/\/darrenchastney.com\/sk\/kto-som\/"]}]},{"@type":"ImageObject","inLanguage":"en-US","@id":"https:\/\/darrenchastney.com\/sk\/kto-som\/#primaryimage","url":"http:\/\/darrenchastney.com\/sk\/wp-content\/uploads\/2024\/03\/pro-copy-writer-logo.webp","contentUrl":"http:\/\/darrenchastney.com\/sk\/wp-content\/uploads\/2024\/03\/pro-copy-writer-logo.webp"},{"@type":"BreadcrumbList","@id":"https:\/\/darrenchastney.com\/sk\/kto-som\/#breadcrumb","itemListElement":[{"@type":"ListItem","position":1,"name":"Home","item":"https:\/\/darrenchastney.com\/sk\/"},{"@type":"ListItem","position":2,"name":"Kto som"}]},{"@type":"WebSite","@id":"https:\/\/darrenchastney.com\/sk\/#website","url":"https:\/\/darrenchastney.com\/sk\/","name":"Darren Chastney","description":"","publisher":{"@id":"https:\/\/darrenchastney.com\/sk\/#organization"},"potentialAction":[{"@type":"SearchAction","target":{"@type":"EntryPoint","urlTemplate":"https:\/\/darrenchastney.com\/sk\/?s={search_term_string}"},"query-input":{"@type":"PropertyValueSpecification","valueRequired":true,"valueName":"search_term_string"}}],"inLanguage":"en-US"},{"@type":"Organization","@id":"https:\/\/darrenchastney.com\/sk\/#organization","name":"Darren Chastney","url":"https:\/\/darrenchastney.com\/sk\/","logo":{"@type":"ImageObject","inLanguage":"en-US","@id":"https:\/\/darrenchastney.com\/sk\/#\/schema\/logo\/image\/","url":"https:\/\/darrenchastney.com\/sk\/wp-content\/uploads\/2024\/03\/cropped-header-logo.webp","contentUrl":"https:\/\/darrenchastney.com\/sk\/wp-content\/uploads\/2024\/03\/cropped-header-logo.webp","width":410,"height":86,"caption":"Darren Chastney"},"image":{"@id":"https:\/\/darrenchastney.com\/sk\/#\/schema\/logo\/image\/"}}]}},"_links":{"self":[{"href":"https:\/\/darrenchastney.com\/sk\/wp-json\/wp\/v2\/pages\/310","targetHints":{"allow":["GET"]}}],"collection":[{"href":"https:\/\/darrenchastney.com\/sk\/wp-json\/wp\/v2\/pages"}],"about":[{"href":"https:\/\/darrenchastney.com\/sk\/wp-json\/wp\/v2\/types\/page"}],"author":[{"embeddable":true,"href":"https:\/\/darrenchastney.com\/sk\/wp-json\/wp\/v2\/users\/1"}],"replies":[{"embeddable":true,"href":"https:\/\/darrenchastney.com\/sk\/wp-json\/wp\/v2\/comments?post=310"}],"version-history":[{"count":13,"href":"https:\/\/darrenchastney.com\/sk\/wp-json\/wp\/v2\/pages\/310\/revisions"}],"predecessor-version":[{"id":1861,"href":"https:\/\/darrenchastney.com\/sk\/wp-json\/wp\/v2\/pages\/310\/revisions\/1861"}],"wp:attachment":[{"href":"https:\/\/darrenchastney.com\/sk\/wp-json\/wp\/v2\/media?parent=310"}],"curies":[{"name":"wp","href":"https:\/\/api.w.org\/{rel}","templated":true}]}}