{"id":307,"date":"2024-02-29T07:42:55","date_gmt":"2024-02-29T07:42:55","guid":{"rendered":"http:\/\/darrenchastney.com\/?page_id=307"},"modified":"2024-03-12T05:28:09","modified_gmt":"2024-03-12T05:28:09","slug":"sluzby","status":"publish","type":"page","link":"https:\/\/darrenchastney.com\/sk\/sluzby\/","title":{"rendered":"SLU\u017dBY"},"content":{"rendered":"\t\t<div data-elementor-type=\"wp-page\" data-elementor-id=\"307\" class=\"elementor elementor-307\">\n\t\t\t\t<div class=\"elementor-element elementor-element-68f64c5 e-con-full banner-wrap e-flex e-con e-parent\" data-id=\"68f64c5\" data-element_type=\"container\" data-settings=\"{&quot;background_background&quot;:&quot;classic&quot;}\">\n\t\t<div class=\"elementor-element elementor-element-49582cd container service-container e-flex e-con-boxed e-con e-child\" data-id=\"49582cd\" data-element_type=\"container\" data-settings=\"{&quot;background_background&quot;:&quot;classic&quot;}\">\n\t\t\t\t\t<div class=\"e-con-inner\">\n\t\t<div class=\"elementor-element elementor-element-1628666 e-con-full banner-info e-flex e-con e-child\" data-id=\"1628666\" data-element_type=\"container\">\n\t\t\t\t<div class=\"elementor-element elementor-element-489cd54 elementor-widget elementor-widget-heading\" data-id=\"489cd54\" data-element_type=\"widget\" data-widget_type=\"heading.default\">\n\t\t\t\t<div class=\"elementor-widget-container\">\n\t\t\t\t\t<h2 class=\"elementor-heading-title elementor-size-default\">\u0160tylisticky v\u017edy perfektn\u00fd<\/h2>\t\t\t\t<\/div>\n\t\t\t\t<\/div>\n\t\t\t\t<div class=\"elementor-element elementor-element-75823ec theme-btn elementor-widget elementor-widget-button\" data-id=\"75823ec\" data-element_type=\"widget\" data-widget_type=\"button.default\">\n\t\t\t\t<div class=\"elementor-widget-container\">\n\t\t\t\t\t\t\t\t\t<div class=\"elementor-button-wrapper\">\n\t\t\t\t\t<a class=\"elementor-button elementor-button-link elementor-size-sm\" href=\"https:\/\/darrenchastney.com\/sk\/kontakt\/\">\n\t\t\t\t\t\t<span class=\"elementor-button-content-wrapper\">\n\t\t\t\t\t\t\t\t\t<span class=\"elementor-button-text\">Kontakt<\/span>\n\t\t\t\t\t<\/span>\n\t\t\t\t\t<\/a>\n\t\t\t\t<\/div>\n\t\t\t\t\t\t\t\t<\/div>\n\t\t\t\t<\/div>\n\t\t\t\t<\/div>\n\t\t\t\t\t<\/div>\n\t\t\t\t<\/div>\n\t\t\t\t<\/div>\n\t\t<div class=\"elementor-element elementor-element-f1a3cc7 e-con-full services-wrap e-flex e-con e-parent\" data-id=\"f1a3cc7\" data-element_type=\"container\">\n\t\t<div class=\"elementor-element elementor-element-af13fbb container e-flex e-con-boxed e-con e-child\" data-id=\"af13fbb\" data-element_type=\"container\">\n\t\t\t\t\t<div class=\"e-con-inner\">\n\t\t<div class=\"elementor-element elementor-element-4597c34 e-con-full service-row e-flex e-con e-child\" data-id=\"4597c34\" data-element_type=\"container\">\n\t\t<div class=\"elementor-element elementor-element-3e747a1 e-con-full service-col e-flex e-con e-child\" data-id=\"3e747a1\" data-element_type=\"container\">\n\t\t<a class=\"elementor-element elementor-element-991c32e service-col-title e-con-full e-flex e-con e-child\" data-id=\"991c32e\" data-element_type=\"container\" href=\"https:\/\/darrenchastney.com\/sk\/sluzby\/editovanie-textov-ai\/\">\n\t\t\t\t<div class=\"elementor-element elementor-element-150ef81 service-title elementor-widget elementor-widget-heading\" data-id=\"150ef81\" data-element_type=\"widget\" data-widget_type=\"heading.default\">\n\t\t\t\t<div class=\"elementor-widget-container\">\n\t\t\t\t\t<h3 class=\"elementor-heading-title elementor-size-default\">\u00daprava k\u00f3pi\u00ed AI<\/h3>\t\t\t\t<\/div>\n\t\t\t\t<\/div>\n\t\t<div class=\"elementor-element elementor-element-2e683fc e-con-full service-col-icon e-flex e-con e-child\" data-id=\"2e683fc\" data-element_type=\"container\">\n\t\t\t\t<div class=\"elementor-element elementor-element-b213efc elementor-widget elementor-widget-image\" data-id=\"b213efc\" data-element_type=\"widget\" data-widget_type=\"image.default\">\n\t\t\t\t<div class=\"elementor-widget-container\">\n\t\t\t\t\t\t\t\t\t\t\t\t\t\t\t<img decoding=\"async\" width=\"90\" height=\"90\" src=\"https:\/\/darrenchastney.com\/sk\/wp-content\/uploads\/2024\/03\/ai-copy-editing-icon.webp\" class=\"attachment-large size-large wp-image-1638\" alt=\"ai copy editing icon\" \/>\t\t\t\t\t\t\t\t\t\t\t\t\t\t\t<\/div>\n\t\t\t\t<\/div>\n\t\t\t\t<\/div>\n\t\t\t\t<\/a>\n\t\t\t\t<div class=\"elementor-element elementor-element-fc99b22 elementor-widget elementor-widget-text-editor\" data-id=\"fc99b22\" data-element_type=\"widget\" data-widget_type=\"text-editor.default\">\n\t\t\t\t<div class=\"elementor-widget-container\">\n\t\t\t\t\t\t\t\t\t<p>O\u017eivte obsah vytvoren\u00fd umelou inteligenciou. Z\u00edskajte tie najlep\u0161ie v\u00fdsledky s mojou slu\u017ebou editovania, ktor\u00e1 prin\u00e1\u0161a \u013eudsk\u00e9 teplo do chladn\u00e9ho strojov\u00e9ho v\u00fdstupu.<\/p>\t\t\t\t\t\t\t\t<\/div>\n\t\t\t\t<\/div>\n\t\t\t\t<\/div>\n\t\t<div class=\"elementor-element elementor-element-ce9d270 e-con-full service-col e-flex e-con e-child\" data-id=\"ce9d270\" data-element_type=\"container\">\n\t\t<a class=\"elementor-element elementor-element-2f9a196 service-col-title e-con-full e-flex e-con e-child\" data-id=\"2f9a196\" data-element_type=\"container\" href=\"https:\/\/darrenchastney.com\/sk\/sluzby\/kreativny-preklad\/\">\n\t\t\t\t<div class=\"elementor-element elementor-element-dfbb924 service-title elementor-widget elementor-widget-heading\" data-id=\"dfbb924\" data-element_type=\"widget\" data-widget_type=\"heading.default\">\n\t\t\t\t<div class=\"elementor-widget-container\">\n\t\t\t\t\t<h3 class=\"elementor-heading-title elementor-size-default\">Kreat\u00edvny preklad<\/h3>\t\t\t\t<\/div>\n\t\t\t\t<\/div>\n\t\t<div class=\"elementor-element elementor-element-7d1bbbb e-con-full service-col-icon e-flex e-con e-child\" data-id=\"7d1bbbb\" data-element_type=\"container\">\n\t\t\t\t<div class=\"elementor-element elementor-element-7e2e025 elementor-widget elementor-widget-image\" data-id=\"7e2e025\" data-element_type=\"widget\" data-widget_type=\"image.default\">\n\t\t\t\t<div class=\"elementor-widget-container\">\n\t\t\t\t\t\t\t\t\t\t\t\t\t\t\t<img decoding=\"async\" width=\"90\" height=\"90\" src=\"https:\/\/darrenchastney.com\/sk\/wp-content\/uploads\/2024\/03\/transcreation-new-icon.webp\" class=\"attachment-large size-large wp-image-1639\" alt=\"transcreation icon\" \/>\t\t\t\t\t\t\t\t\t\t\t\t\t\t\t<\/div>\n\t\t\t\t<\/div>\n\t\t\t\t<\/div>\n\t\t\t\t<\/a>\n\t\t\t\t<div class=\"elementor-element elementor-element-1de6e75 elementor-widget elementor-widget-text-editor\" data-id=\"1de6e75\" data-element_type=\"widget\" data-widget_type=\"text-editor.default\">\n\t\t\t\t<div class=\"elementor-widget-container\">\n\t\t\t\t\t\t\t\t\t<p>Ke\u010f potrebujete viac ako len preklad. T\u00e1to \u0161t\u00fdlov\u00e1 slu\u017eba lokaliz\u00e1cie je pr\u00ednosom pre v\u0161etok kreat\u00edvny obsah zameran\u00fd na z\u00e1kazn\u00edka \u2013 reklamn\u00e9 texty, bro\u017e\u00fary, webov\u00e9 str\u00e1nky&#8230;<\/p>\t\t\t\t\t\t\t\t<\/div>\n\t\t\t\t<\/div>\n\t\t\t\t<\/div>\n\t\t<div class=\"elementor-element elementor-element-fc5a11a e-con-full service-col e-flex e-con e-child\" data-id=\"fc5a11a\" data-element_type=\"container\">\n\t\t<a class=\"elementor-element elementor-element-2986f73 service-col-title e-con-full e-flex e-con e-child\" data-id=\"2986f73\" data-element_type=\"container\" href=\"https:\/\/darrenchastney.com\/sk\/sluzby\/preklad\/\">\n\t\t\t\t<div class=\"elementor-element elementor-element-183f674 service-title elementor-widget elementor-widget-heading\" data-id=\"183f674\" data-element_type=\"widget\" data-widget_type=\"heading.default\">\n\t\t\t\t<div class=\"elementor-widget-container\">\n\t\t\t\t\t<h3 class=\"elementor-heading-title elementor-size-default\">Preklad<\/h3>\t\t\t\t<\/div>\n\t\t\t\t<\/div>\n\t\t<div class=\"elementor-element elementor-element-4628cb3 e-con-full service-col-icon e-flex e-con e-child\" data-id=\"4628cb3\" data-element_type=\"container\">\n\t\t\t\t<div class=\"elementor-element elementor-element-92f7bd5 elementor-widget elementor-widget-image\" data-id=\"92f7bd5\" data-element_type=\"widget\" data-widget_type=\"image.default\">\n\t\t\t\t<div class=\"elementor-widget-container\">\n\t\t\t\t\t\t\t\t\t\t\t\t\t\t\t<img decoding=\"async\" width=\"90\" height=\"90\" src=\"https:\/\/darrenchastney.com\/sk\/wp-content\/uploads\/2024\/03\/translation-icon-1.webp\" class=\"attachment-large size-large wp-image-1640\" alt=\"translation icon\" \/>\t\t\t\t\t\t\t\t\t\t\t\t\t\t\t<\/div>\n\t\t\t\t<\/div>\n\t\t\t\t<\/div>\n\t\t\t\t<\/a>\n\t\t\t\t<div class=\"elementor-element elementor-element-f650935 elementor-widget elementor-widget-text-editor\" data-id=\"f650935\" data-element_type=\"widget\" data-widget_type=\"text-editor.default\">\n\t\t\t\t<div class=\"elementor-widget-container\">\n\t\t\t\t\t\t\t\t\t<p>Presn\u00e9 SK-EN a CZ-EN preklady s v\u00fdberom slov a \u0161trukt\u00far viet v rodnej angli\u010dtine &#8211; vr\u00e1tane dvojjazy\u010dnej rev\u00edzie a korekt\u00fary.<\/p>\t\t\t\t\t\t\t\t<\/div>\n\t\t\t\t<\/div>\n\t\t\t\t<\/div>\n\t\t<div class=\"elementor-element elementor-element-cf3268d e-con-full service-col e-flex e-con e-child\" data-id=\"cf3268d\" data-element_type=\"container\">\n\t\t<a class=\"elementor-element elementor-element-a14be9e service-col-title e-con-full e-flex e-con e-child\" data-id=\"a14be9e\" data-element_type=\"container\" href=\"https:\/\/darrenchastney.com\/sk\/sluzby\/vytvaranie-obsahu\/\">\n\t\t\t\t<div class=\"elementor-element elementor-element-7f9cb75 service-title elementor-widget elementor-widget-heading\" data-id=\"7f9cb75\" data-element_type=\"widget\" data-widget_type=\"heading.default\">\n\t\t\t\t<div class=\"elementor-widget-container\">\n\t\t\t\t\t<h3 class=\"elementor-heading-title elementor-size-default\">Vytv\u00e1ranie obsahu<\/h3>\t\t\t\t<\/div>\n\t\t\t\t<\/div>\n\t\t<div class=\"elementor-element elementor-element-ed55046 e-con-full service-col-icon e-flex e-con e-child\" data-id=\"ed55046\" data-element_type=\"container\">\n\t\t\t\t<div class=\"elementor-element elementor-element-f972e54 elementor-widget elementor-widget-image\" data-id=\"f972e54\" data-element_type=\"widget\" data-widget_type=\"image.default\">\n\t\t\t\t<div class=\"elementor-widget-container\">\n\t\t\t\t\t\t\t\t\t\t\t\t\t\t\t<img loading=\"lazy\" decoding=\"async\" width=\"90\" height=\"90\" src=\"https:\/\/darrenchastney.com\/sk\/wp-content\/uploads\/2024\/03\/content-creation-icon.webp\" class=\"attachment-large size-large wp-image-1641\" alt=\"content creation icon\" \/>\t\t\t\t\t\t\t\t\t\t\t\t\t\t\t<\/div>\n\t\t\t\t<\/div>\n\t\t\t\t<\/div>\n\t\t\t\t<\/a>\n\t\t\t\t<div class=\"elementor-element elementor-element-fe430ab elementor-widget elementor-widget-text-editor\" data-id=\"fe430ab\" data-element_type=\"widget\" data-widget_type=\"text-editor.default\">\n\t\t\t\t<div class=\"elementor-widget-container\">\n\t\t\t\t\t\t\t\t\t<p>Chcete budova\u0165 dobr\u00e9 meno svojej zna\u010dky, rozv\u00edja\u0165 svoju poz\u00edciu na webe alebo zlep\u0161i\u0165 poz\u00edcie vo vyh\u013ead\u00e1van\u00ed? Origin\u00e1lny a presved\u010div\u00fd obsah podpor\u00ed va\u0161u zna\u010dku.<\/p>\t\t\t\t\t\t\t\t<\/div>\n\t\t\t\t<\/div>\n\t\t\t\t<\/div>\n\t\t<div class=\"elementor-element elementor-element-c155440 e-con-full service-col e-flex e-con e-child\" data-id=\"c155440\" data-element_type=\"container\">\n\t\t<a class=\"elementor-element elementor-element-d9b075f service-col-title e-con-full e-flex e-con e-child\" data-id=\"d9b075f\" data-element_type=\"container\" href=\"https:\/\/darrenchastney.com\/sk\/sluzby\/editovanie\/\">\n\t\t\t\t<div class=\"elementor-element elementor-element-0a4a4e6 service-title elementor-widget elementor-widget-heading\" data-id=\"0a4a4e6\" data-element_type=\"widget\" data-widget_type=\"heading.default\">\n\t\t\t\t<div class=\"elementor-widget-container\">\n\t\t\t\t\t<h3 class=\"elementor-heading-title elementor-size-default\">Editovanie<\/h3>\t\t\t\t<\/div>\n\t\t\t\t<\/div>\n\t\t<div class=\"elementor-element elementor-element-1561ce4 e-con-full service-col-icon e-flex e-con e-child\" data-id=\"1561ce4\" data-element_type=\"container\">\n\t\t\t\t<div class=\"elementor-element elementor-element-1849374 elementor-widget elementor-widget-image\" data-id=\"1849374\" data-element_type=\"widget\" data-widget_type=\"image.default\">\n\t\t\t\t<div class=\"elementor-widget-container\">\n\t\t\t\t\t\t\t\t\t\t\t\t\t\t\t<img loading=\"lazy\" decoding=\"async\" width=\"90\" height=\"90\" src=\"https:\/\/darrenchastney.com\/sk\/wp-content\/uploads\/2024\/03\/editing-icon.webp\" class=\"attachment-large size-large wp-image-1642\" alt=\"editing icon\" \/>\t\t\t\t\t\t\t\t\t\t\t\t\t\t\t<\/div>\n\t\t\t\t<\/div>\n\t\t\t\t<\/div>\n\t\t\t\t<\/a>\n\t\t\t\t<div class=\"elementor-element elementor-element-0783e98 elementor-widget elementor-widget-text-editor\" data-id=\"0783e98\" data-element_type=\"widget\" data-widget_type=\"text-editor.default\">\n\t\t\t\t<div class=\"elementor-widget-container\">\n\t\t\t\t\t\t\t\t\t<p>V\u0161etko od kreat\u00edvnej \u00fapravy textu, prepisu a korekt\u00fary a\u017e po kontrolu pred tla\u010dou zabezpe\u010d\u00ed, \u017ee v\u00e1\u0161 obsah bude pripraven\u00fd na ve\u013ek\u00e9 vyst\u00fapenie.<\/p>\t\t\t\t\t\t\t\t<\/div>\n\t\t\t\t<\/div>\n\t\t\t\t<\/div>\n\t\t<div class=\"elementor-element elementor-element-3b5bc83 e-con-full service-col e-flex e-con e-child\" data-id=\"3b5bc83\" data-element_type=\"container\">\n\t\t<a class=\"elementor-element elementor-element-85619fe service-col-title e-con-full e-flex e-con e-child\" data-id=\"85619fe\" data-element_type=\"container\" href=\"https:\/\/darrenchastney.com\/sk\/sluzby\/priprava-manazmentu\/\">\n\t\t\t\t<div class=\"elementor-element elementor-element-2868c4e service-title elementor-widget elementor-widget-heading\" data-id=\"2868c4e\" data-element_type=\"widget\" data-widget_type=\"heading.default\">\n\t\t\t\t<div class=\"elementor-widget-container\">\n\t\t\t\t\t<h3 class=\"elementor-heading-title elementor-size-default\">Pr\u00edprava mana\u017ementu<\/h3>\t\t\t\t<\/div>\n\t\t\t\t<\/div>\n\t\t<div class=\"elementor-element elementor-element-72bec44 e-con-full service-col-icon e-flex e-con e-child\" data-id=\"72bec44\" data-element_type=\"container\">\n\t\t\t\t<div class=\"elementor-element elementor-element-fbcfb4d elementor-widget elementor-widget-image\" data-id=\"fbcfb4d\" data-element_type=\"widget\" data-widget_type=\"image.default\">\n\t\t\t\t<div class=\"elementor-widget-container\">\n\t\t\t\t\t\t\t\t\t\t\t\t\t\t\t<img loading=\"lazy\" decoding=\"async\" width=\"90\" height=\"90\" src=\"https:\/\/darrenchastney.com\/sk\/wp-content\/uploads\/2024\/03\/management-coaching-icon.webp\" class=\"attachment-large size-large wp-image-1643\" alt=\"management coaching icon\" \/>\t\t\t\t\t\t\t\t\t\t\t\t\t\t\t<\/div>\n\t\t\t\t<\/div>\n\t\t\t\t<\/div>\n\t\t\t\t<\/a>\n\t\t\t\t<div class=\"elementor-element elementor-element-5ee3819 elementor-widget elementor-widget-text-editor\" data-id=\"5ee3819\" data-element_type=\"widget\" data-widget_type=\"text-editor.default\">\n\t\t\t\t<div class=\"elementor-widget-container\">\n\t\t\t\t\t\t\t\t\t<p>Pre\u010do by ste mali riskova\u0165, \u017ee budete ma\u0165 na k\u013e\u00fa\u010dovom stretnut\u00ed alebo prejave zviazan\u00fd jazyk? M\u00f4\u017eem v\u00e1m pom\u00f4c\u0165 dokonale sa pripravi\u0165 na prezent\u00e1ciu na osobn\u00fdch stretnutiach.<\/p>\t\t\t\t\t\t\t\t<\/div>\n\t\t\t\t<\/div>\n\t\t\t\t<\/div>\n\t\t\t\t<\/div>\n\t\t\t\t\t<\/div>\n\t\t\t\t<\/div>\n\t\t\t\t<\/div>\n\t\t\t\t<\/div>\n\t\t","protected":false},"excerpt":{"rendered":"<p>\u0160tylisticky v\u017edy perfektn\u00fd Kontakt \u00daprava k\u00f3pi\u00ed AI O\u017eivte obsah vytvoren\u00fd umelou inteligenciou. Z\u00edskajte tie najlep\u0161ie v\u00fdsledky s mojou slu\u017ebou editovania, ktor\u00e1 prin\u00e1\u0161a \u013eudsk\u00e9 teplo do chladn\u00e9ho strojov\u00e9ho v\u00fdstupu. Kreat\u00edvny preklad Ke\u010f potrebujete viac ako len preklad. T\u00e1to \u0161t\u00fdlov\u00e1 slu\u017eba lokaliz\u00e1cie je pr\u00ednosom pre v\u0161etok kreat\u00edvny obsah zameran\u00fd na z\u00e1kazn\u00edka \u2013 reklamn\u00e9 texty, bro\u017e\u00fary, webov\u00e9 str\u00e1nky&#8230; [&hellip;]<\/p>\n","protected":false},"author":1,"featured_media":0,"parent":0,"menu_order":0,"comment_status":"closed","ping_status":"closed","template":"","meta":{"footnotes":""},"class_list":["post-307","page","type-page","status-publish","hentry"],"yoast_head":"<!-- This site is optimized with the Yoast SEO plugin v25.5 - https:\/\/yoast.com\/wordpress\/plugins\/seo\/ -->\n<title>SLU\u017dBY - Darren Chastney<\/title>\n<meta name=\"robots\" content=\"index, follow, max-snippet:-1, max-image-preview:large, max-video-preview:-1\" \/>\n<link rel=\"canonical\" href=\"https:\/\/darrenchastney.com\/sk\/sluzby\/\" \/>\n<meta property=\"og:locale\" content=\"en_US\" \/>\n<meta property=\"og:type\" content=\"article\" \/>\n<meta property=\"og:title\" content=\"SLU\u017dBY - Darren Chastney\" \/>\n<meta property=\"og:description\" content=\"\u0160tylisticky v\u017edy perfektn\u00fd Kontakt \u00daprava k\u00f3pi\u00ed AI O\u017eivte obsah vytvoren\u00fd umelou inteligenciou. Z\u00edskajte tie najlep\u0161ie v\u00fdsledky s mojou slu\u017ebou editovania, ktor\u00e1 prin\u00e1\u0161a \u013eudsk\u00e9 teplo do chladn\u00e9ho strojov\u00e9ho v\u00fdstupu. Kreat\u00edvny preklad Ke\u010f potrebujete viac ako len preklad. T\u00e1to \u0161t\u00fdlov\u00e1 slu\u017eba lokaliz\u00e1cie je pr\u00ednosom pre v\u0161etok kreat\u00edvny obsah zameran\u00fd na z\u00e1kazn\u00edka \u2013 reklamn\u00e9 texty, bro\u017e\u00fary, webov\u00e9 str\u00e1nky&#8230; [&hellip;]\" \/>\n<meta property=\"og:url\" content=\"https:\/\/darrenchastney.com\/sk\/sluzby\/\" \/>\n<meta property=\"og:site_name\" content=\"Darren Chastney\" \/>\n<meta property=\"article:modified_time\" content=\"2024-03-12T05:28:09+00:00\" \/>\n<meta property=\"og:image\" content=\"http:\/\/darrenchastney.com\/sk\/wp-content\/uploads\/2024\/03\/ai-copy-editing-icon.webp\" \/>\n<meta name=\"twitter:card\" content=\"summary_large_image\" \/>\n<meta name=\"twitter:label1\" content=\"Est. reading time\" \/>\n\t<meta name=\"twitter:data1\" content=\"1 minute\" \/>\n<script type=\"application\/ld+json\" class=\"yoast-schema-graph\">{\"@context\":\"https:\/\/schema.org\",\"@graph\":[{\"@type\":\"WebPage\",\"@id\":\"https:\/\/darrenchastney.com\/sk\/sluzby\/\",\"url\":\"https:\/\/darrenchastney.com\/sk\/sluzby\/\",\"name\":\"SLU\u017dBY - Darren Chastney\",\"isPartOf\":{\"@id\":\"https:\/\/darrenchastney.com\/sk\/#website\"},\"primaryImageOfPage\":{\"@id\":\"https:\/\/darrenchastney.com\/sk\/sluzby\/#primaryimage\"},\"image\":{\"@id\":\"https:\/\/darrenchastney.com\/sk\/sluzby\/#primaryimage\"},\"thumbnailUrl\":\"http:\/\/darrenchastney.com\/sk\/wp-content\/uploads\/2024\/03\/ai-copy-editing-icon.webp\",\"datePublished\":\"2024-02-29T07:42:55+00:00\",\"dateModified\":\"2024-03-12T05:28:09+00:00\",\"breadcrumb\":{\"@id\":\"https:\/\/darrenchastney.com\/sk\/sluzby\/#breadcrumb\"},\"inLanguage\":\"en-US\",\"potentialAction\":[{\"@type\":\"ReadAction\",\"target\":[\"https:\/\/darrenchastney.com\/sk\/sluzby\/\"]}]},{\"@type\":\"ImageObject\",\"inLanguage\":\"en-US\",\"@id\":\"https:\/\/darrenchastney.com\/sk\/sluzby\/#primaryimage\",\"url\":\"http:\/\/darrenchastney.com\/sk\/wp-content\/uploads\/2024\/03\/ai-copy-editing-icon.webp\",\"contentUrl\":\"http:\/\/darrenchastney.com\/sk\/wp-content\/uploads\/2024\/03\/ai-copy-editing-icon.webp\"},{\"@type\":\"BreadcrumbList\",\"@id\":\"https:\/\/darrenchastney.com\/sk\/sluzby\/#breadcrumb\",\"itemListElement\":[{\"@type\":\"ListItem\",\"position\":1,\"name\":\"Home\",\"item\":\"https:\/\/darrenchastney.com\/sk\/\"},{\"@type\":\"ListItem\",\"position\":2,\"name\":\"SLU\u017dBY\"}]},{\"@type\":\"WebSite\",\"@id\":\"https:\/\/darrenchastney.com\/sk\/#website\",\"url\":\"https:\/\/darrenchastney.com\/sk\/\",\"name\":\"Darren Chastney\",\"description\":\"\",\"publisher\":{\"@id\":\"https:\/\/darrenchastney.com\/sk\/#organization\"},\"potentialAction\":[{\"@type\":\"SearchAction\",\"target\":{\"@type\":\"EntryPoint\",\"urlTemplate\":\"https:\/\/darrenchastney.com\/sk\/?s={search_term_string}\"},\"query-input\":{\"@type\":\"PropertyValueSpecification\",\"valueRequired\":true,\"valueName\":\"search_term_string\"}}],\"inLanguage\":\"en-US\"},{\"@type\":\"Organization\",\"@id\":\"https:\/\/darrenchastney.com\/sk\/#organization\",\"name\":\"Darren Chastney\",\"url\":\"https:\/\/darrenchastney.com\/sk\/\",\"logo\":{\"@type\":\"ImageObject\",\"inLanguage\":\"en-US\",\"@id\":\"https:\/\/darrenchastney.com\/sk\/#\/schema\/logo\/image\/\",\"url\":\"https:\/\/darrenchastney.com\/sk\/wp-content\/uploads\/2024\/03\/cropped-header-logo.webp\",\"contentUrl\":\"https:\/\/darrenchastney.com\/sk\/wp-content\/uploads\/2024\/03\/cropped-header-logo.webp\",\"width\":410,\"height\":86,\"caption\":\"Darren Chastney\"},\"image\":{\"@id\":\"https:\/\/darrenchastney.com\/sk\/#\/schema\/logo\/image\/\"}}]}<\/script>\n<!-- \/ Yoast SEO plugin. -->","yoast_head_json":{"title":"SLU\u017dBY - Darren Chastney","robots":{"index":"index","follow":"follow","max-snippet":"max-snippet:-1","max-image-preview":"max-image-preview:large","max-video-preview":"max-video-preview:-1"},"canonical":"https:\/\/darrenchastney.com\/sk\/sluzby\/","og_locale":"en_US","og_type":"article","og_title":"SLU\u017dBY - Darren Chastney","og_description":"\u0160tylisticky v\u017edy perfektn\u00fd Kontakt \u00daprava k\u00f3pi\u00ed AI O\u017eivte obsah vytvoren\u00fd umelou inteligenciou. Z\u00edskajte tie najlep\u0161ie v\u00fdsledky s mojou slu\u017ebou editovania, ktor\u00e1 prin\u00e1\u0161a \u013eudsk\u00e9 teplo do chladn\u00e9ho strojov\u00e9ho v\u00fdstupu. Kreat\u00edvny preklad Ke\u010f potrebujete viac ako len preklad. T\u00e1to \u0161t\u00fdlov\u00e1 slu\u017eba lokaliz\u00e1cie je pr\u00ednosom pre v\u0161etok kreat\u00edvny obsah zameran\u00fd na z\u00e1kazn\u00edka \u2013 reklamn\u00e9 texty, bro\u017e\u00fary, webov\u00e9 str\u00e1nky&#8230; [&hellip;]","og_url":"https:\/\/darrenchastney.com\/sk\/sluzby\/","og_site_name":"Darren Chastney","article_modified_time":"2024-03-12T05:28:09+00:00","og_image":[{"url":"http:\/\/darrenchastney.com\/sk\/wp-content\/uploads\/2024\/03\/ai-copy-editing-icon.webp","type":"","width":"","height":""}],"twitter_card":"summary_large_image","twitter_misc":{"Est. reading time":"1 minute"},"schema":{"@context":"https:\/\/schema.org","@graph":[{"@type":"WebPage","@id":"https:\/\/darrenchastney.com\/sk\/sluzby\/","url":"https:\/\/darrenchastney.com\/sk\/sluzby\/","name":"SLU\u017dBY - Darren Chastney","isPartOf":{"@id":"https:\/\/darrenchastney.com\/sk\/#website"},"primaryImageOfPage":{"@id":"https:\/\/darrenchastney.com\/sk\/sluzby\/#primaryimage"},"image":{"@id":"https:\/\/darrenchastney.com\/sk\/sluzby\/#primaryimage"},"thumbnailUrl":"http:\/\/darrenchastney.com\/sk\/wp-content\/uploads\/2024\/03\/ai-copy-editing-icon.webp","datePublished":"2024-02-29T07:42:55+00:00","dateModified":"2024-03-12T05:28:09+00:00","breadcrumb":{"@id":"https:\/\/darrenchastney.com\/sk\/sluzby\/#breadcrumb"},"inLanguage":"en-US","potentialAction":[{"@type":"ReadAction","target":["https:\/\/darrenchastney.com\/sk\/sluzby\/"]}]},{"@type":"ImageObject","inLanguage":"en-US","@id":"https:\/\/darrenchastney.com\/sk\/sluzby\/#primaryimage","url":"http:\/\/darrenchastney.com\/sk\/wp-content\/uploads\/2024\/03\/ai-copy-editing-icon.webp","contentUrl":"http:\/\/darrenchastney.com\/sk\/wp-content\/uploads\/2024\/03\/ai-copy-editing-icon.webp"},{"@type":"BreadcrumbList","@id":"https:\/\/darrenchastney.com\/sk\/sluzby\/#breadcrumb","itemListElement":[{"@type":"ListItem","position":1,"name":"Home","item":"https:\/\/darrenchastney.com\/sk\/"},{"@type":"ListItem","position":2,"name":"SLU\u017dBY"}]},{"@type":"WebSite","@id":"https:\/\/darrenchastney.com\/sk\/#website","url":"https:\/\/darrenchastney.com\/sk\/","name":"Darren Chastney","description":"","publisher":{"@id":"https:\/\/darrenchastney.com\/sk\/#organization"},"potentialAction":[{"@type":"SearchAction","target":{"@type":"EntryPoint","urlTemplate":"https:\/\/darrenchastney.com\/sk\/?s={search_term_string}"},"query-input":{"@type":"PropertyValueSpecification","valueRequired":true,"valueName":"search_term_string"}}],"inLanguage":"en-US"},{"@type":"Organization","@id":"https:\/\/darrenchastney.com\/sk\/#organization","name":"Darren Chastney","url":"https:\/\/darrenchastney.com\/sk\/","logo":{"@type":"ImageObject","inLanguage":"en-US","@id":"https:\/\/darrenchastney.com\/sk\/#\/schema\/logo\/image\/","url":"https:\/\/darrenchastney.com\/sk\/wp-content\/uploads\/2024\/03\/cropped-header-logo.webp","contentUrl":"https:\/\/darrenchastney.com\/sk\/wp-content\/uploads\/2024\/03\/cropped-header-logo.webp","width":410,"height":86,"caption":"Darren Chastney"},"image":{"@id":"https:\/\/darrenchastney.com\/sk\/#\/schema\/logo\/image\/"}}]}},"_links":{"self":[{"href":"https:\/\/darrenchastney.com\/sk\/wp-json\/wp\/v2\/pages\/307","targetHints":{"allow":["GET"]}}],"collection":[{"href":"https:\/\/darrenchastney.com\/sk\/wp-json\/wp\/v2\/pages"}],"about":[{"href":"https:\/\/darrenchastney.com\/sk\/wp-json\/wp\/v2\/types\/page"}],"author":[{"embeddable":true,"href":"https:\/\/darrenchastney.com\/sk\/wp-json\/wp\/v2\/users\/1"}],"replies":[{"embeddable":true,"href":"https:\/\/darrenchastney.com\/sk\/wp-json\/wp\/v2\/comments?post=307"}],"version-history":[{"count":10,"href":"https:\/\/darrenchastney.com\/sk\/wp-json\/wp\/v2\/pages\/307\/revisions"}],"predecessor-version":[{"id":1807,"href":"https:\/\/darrenchastney.com\/sk\/wp-json\/wp\/v2\/pages\/307\/revisions\/1807"}],"wp:attachment":[{"href":"https:\/\/darrenchastney.com\/sk\/wp-json\/wp\/v2\/media?parent=307"}],"curies":[{"name":"wp","href":"https:\/\/api.w.org\/{rel}","templated":true}]}}